{"id":595,"date":"2022-09-30T13:26:09","date_gmt":"2022-09-30T11:26:09","guid":{"rendered":"https:\/\/www.plazadelobispo.com\/contact\/"},"modified":"2024-03-06T09:07:26","modified_gmt":"2024-03-06T07:07:26","slug":"contact","status":"publish","type":"page","link":"https:\/\/www.plazadelobispo.com\/fr\/contact\/","title":{"rendered":"Contact"},"content":{"rendered":"<section class=\"l-section wpb_row us_custom_1c780686 height_large\"><div class=\"l-section-h i-cf\"><div class=\"g-cols vc_row via_flex valign_top type_default stacking_default\"><div class=\"vc_col-sm-12 wpb_column vc_column_container\"><div class=\"vc_column-inner\"><div class=\"wpb_wrapper\">[vc_custom_heading text=\u00a0\u00bbContact\u00a0\u00bb font_container=\u00a0\u00bbtag:h1|text_align:left|color:%23ffffff\u00a0\u00bb use_theme_fonts=\u00a0\u00bbyes\u00a0\u00bb]<\/div><\/div><\/div><\/div><\/div><\/section><section class=\"l-section wpb_row us_custom_c70c97eb height_small\"><div class=\"l-section-h i-cf\"><div class=\"g-cols vc_row via_flex valign_top type_default stacking_default\"><div class=\"vc_col-sm-4 wpb_column vc_column_container\"><div class=\"vc_column-inner\"><div class=\"wpb_wrapper\"><div class=\"w-iconbox datos-contacto iconpos_left style_circle color_custom align_left\"><div class=\"w-iconbox-icon\" style=\"font-size:2rem;--icon-color:var(--color-header-middle-text);\"><span class=\"fal fa-map-pin\"><\/span><\/div><div class=\"w-iconbox-meta\"><h3 class=\"w-iconbox-title\">Adresse<\/h3><div class=\"w-iconbox-text\"><p>Pl. Obispo, 4, Distrito Centro, 29015 M\u00e1laga<\/p>\n<\/div><\/div><\/div><\/div><\/div><\/div><div class=\"vc_col-sm-4 wpb_column vc_column_container\"><div class=\"vc_column-inner\"><div class=\"wpb_wrapper\"><div class=\"w-iconbox datos-contacto iconpos_left style_default color_custom align_left\"><a href=\"tel:+34952608784\" class=\"w-iconbox-link\" aria-label=\"T\u00e9l\u00e9phone\"><div class=\"w-iconbox-icon\" style=\"font-size:2rem;--icon-color:var(--color-header-middle-text);\"><span class=\"fal fa-phone-alt\"><\/span><\/div><\/a><div class=\"w-iconbox-meta\"><a href=\"tel:+34952608784\" class=\"w-iconbox-link\" aria-label=\"T\u00e9l\u00e9phone\"><h3 class=\"w-iconbox-title\">T\u00e9l\u00e9phone<\/h3><\/a><div class=\"w-iconbox-text\"><p><a href=\"tel:+34952608784\">952 60 87 84<\/a><\/p>\n<\/div><\/div><\/div><\/div><\/div><\/div><div class=\"vc_col-sm-4 wpb_column vc_column_container\"><div class=\"vc_column-inner\"><div class=\"wpb_wrapper\"><div class=\"w-iconbox datos-contacto iconpos_left style_circle color_custom align_left\"><div class=\"w-iconbox-icon\" style=\"font-size:2rem;--icon-color:var(--color-header-middle-text);\"><span class=\"fal fa-clock\"><\/span><\/div><div class=\"w-iconbox-meta\"><h3 class=\"w-iconbox-title\">Calendrier<\/h3><div class=\"w-iconbox-text\"><p>Du lundi au jeudi de 8h30 \u00e0 1h du matin<br \/>\nVendredi de 8h30 \u00e0 1h30<br \/>\nLe samedi de 11h \u00e0 1h30<br \/>\nLe dimanche de 12h \u00e0 1h du matin<\/p>\n<\/div><\/div><\/div><\/div><\/div><\/div><\/div><\/div><\/section><section class=\"l-section wpb_row us_custom_6df4bc3a has_text_color height_medium\"><div class=\"l-section-h i-cf\"><div class=\"g-cols vc_row via_flex valign_top type_default stacking_default\"><div class=\"vc_col-sm-6 wpb_column vc_column_container\"><div class=\"vc_column-inner\"><div class=\"wpb_wrapper\">\n<div class=\"wpcf7 no-js contact-form\" id=\"wpcf7-f661-o1\" lang=\"fr-FR\" dir=\"ltr\" data-wpcf7-id=\"661\">\n<div class=\"screen-reader-response\"><p role=\"status\" aria-live=\"polite\" aria-atomic=\"true\"><\/p> <ul><\/ul><\/div>\n<form action=\"\/fr\/wp-json\/wp\/v2\/pages\/595#wpcf7-f661-o1\" method=\"post\" class=\"wpcf7-form init wpcf7-acceptance-as-validation\" aria-label=\"Formulaire de contact\" novalidate=\"novalidate\" data-status=\"init\">\n<fieldset class=\"hidden-fields-container\"><input type=\"hidden\" name=\"_wpcf7\" value=\"661\" \/><input type=\"hidden\" name=\"_wpcf7_version\" value=\"6.1.5\" \/><input type=\"hidden\" name=\"_wpcf7_locale\" value=\"fr_FR\" \/><input type=\"hidden\" name=\"_wpcf7_unit_tag\" value=\"wpcf7-f661-o1\" \/><input type=\"hidden\" name=\"_wpcf7_container_post\" value=\"0\" \/><input type=\"hidden\" name=\"_wpcf7_posted_data_hash\" value=\"\" \/><input type=\"hidden\" name=\"_wpcf7_recaptcha_response\" value=\"\" \/>\n<\/fieldset>\n<label for=\"nombre\">  Votre nom *\n    <span class=\"wpcf7-form-control-wrap\" data-name=\"nombre\"><input size=\"40\" maxlength=\"400\" class=\"wpcf7-form-control wpcf7-text wpcf7-validates-as-required\" id=\"nombre\" autocomplete=\"name\" aria-required=\"true\" aria-invalid=\"false\" value=\"\" type=\"text\" name=\"nombre\" \/><\/span> <\/label>\n\n<label for=\"email\">  Votre adresse \u00e9lectronique *\n    <span class=\"wpcf7-form-control-wrap\" data-name=\"email\"><input size=\"40\" maxlength=\"400\" class=\"wpcf7-form-control wpcf7-email wpcf7-validates-as-required wpcf7-text wpcf7-validates-as-email\" id=\"email\" autocomplete=\"email\" aria-required=\"true\" aria-invalid=\"false\" value=\"\" type=\"email\" name=\"email\" \/><\/span> <\/label>\n\n<label for=\"telefono\">  Votre t\u00e9l\u00e9phone *\n<span class=\"wpcf7-form-control-wrap\" data-name=\"telefono\"><input size=\"40\" maxlength=\"400\" class=\"wpcf7-form-control wpcf7-tel wpcf7-validates-as-required wpcf7-text wpcf7-validates-as-tel\" id=\"telefono\" autocomplete=\"tel\" aria-required=\"true\" aria-invalid=\"false\" value=\"\" type=\"tel\" name=\"telefono\" \/><\/span> <\/label>\n\n<label for=\"mensaje\">  Votre message\n    <span class=\"wpcf7-form-control-wrap\" data-name=\"mensaje\"><textarea cols=\"40\" rows=\"10\" maxlength=\"2000\" class=\"wpcf7-form-control wpcf7-textarea\" id=\"mensaje\" aria-invalid=\"false\" name=\"mensaje\"><\/textarea><\/span> <\/label>\n\n<label for=\"aceptacion\"><span class=\"wpcf7-form-control-wrap\" data-name=\"aceptacion\"><span class=\"wpcf7-form-control wpcf7-acceptance\"><span class=\"wpcf7-list-item\"><input type=\"checkbox\" name=\"aceptacion\" value=\"1\" id=\"aceptacion\" aria-invalid=\"false\" \/><\/span><\/span><\/span>  J'ai lu et j'accepte la <a rel=\"nofollow\" target=\"_blank\" href=\"\/politica-de-privacidad\/\">politique de confidentialit\u00e9<\/a>.<\/label>\n\n<input class=\"wpcf7-form-control wpcf7-submit has-spinner\" id=\"form-contact\" type=\"submit\" value=\"Enviar\" \/><div class=\"wpcf7-response-output\" aria-hidden=\"true\"><\/div>\n<\/form>\n<\/div>\n<\/div><\/div><\/div><div class=\"vc_col-sm-6 wpb_column vc_column_container\"><div class=\"vc_column-inner\"><div class=\"wpb_wrapper\"><div class=\"wpb_text_column us_custom_f2eec366\"><div class=\"wpb_wrapper\"><p>\u00ab\u00a0Vous avez des doutes ? Vous souhaitez marquer votre \u00e9v\u00e9nement de votre empreinte ?<br \/>\nContactez-nous en remplissant ce formulaire\u00a0\u00bb.<\/p>\n<p>Ou envoyez-nous un courriel directement \u00e0 <a style=\"color: inherit;\" href=\"mailto:reservas@plazadelobispo.com\">reservas@plazadelobispo.com<\/a> pour faire votre r\u00e9servation de groupe.<\/p>\n<\/div><\/div><div class=\"w-html\"><iframe src=\"https:\/\/www.google.com\/maps\/embed?pb=!1m18!1m12!1m3!1d3198.1054712651357!2d-4.420456899999999!3d36.72002809999999!2m3!1f0!2f0!3f0!3m2!1i1024!2i768!4f13.1!3m3!1m2!1s0xd72f7950bf46495%3A0x8d3ab2723c272ede!2sL&#39;exp%C3%A9rience!5e0!3m2!1ses!2ses!4v1708413084395!5m2!1ses!2ses\" style=\"width: 100%; height: 450px; border: 0;\" allowfullscreen=\"\" loading=\"lazy\" referrerpolicy=\"no-referrer-when-downgrade\"><\/iframe><\/div><\/div><\/div><\/div><\/div><\/div><\/section>\n","protected":false},"excerpt":{"rendered":"[vc_custom_heading text=\"Contact\" font_container=\"tag:h1|text_align:left|color:%23ffffff\" use_theme_fonts=\"yes\"]AdressePl. Obispo, 4, Distrito Centro, 29015 M\u00e1laga T\u00e9l\u00e9phone952 60 87 84 CalendrierDu lundi au jeudi de 8h30 \u00e0 1h du matin Vendredi de 8h30 \u00e0 1h30 Le samedi de 11h \u00e0 1h30 Le dimanche de 12h \u00e0 1h du matin Votre nom * Votre adresse \u00e9lectronique * Votre t\u00e9l\u00e9phone * Votre message...","protected":false},"author":1,"featured_media":0,"parent":0,"menu_order":0,"comment_status":"closed","ping_status":"closed","template":"","meta":{"footnotes":""},"class_list":["post-595","page","type-page","status-publish","hentry"],"yoast_head":"<!-- This site is optimized with the Yoast SEO plugin v27.4 - https:\/\/yoast.com\/product\/yoast-seo-wordpress\/ -->\n<title>Nous contacter : Nous trouver : L&#039;Experience<\/title>\n<meta name=\"description\" content=\"Avez-vous des questions ou des commentaires ? Contactez nous ! Rencontrez-nous devant la cath\u00e9drale de Malaga et dites-nous comment nous pouvons vous aider.\" \/>\n<meta name=\"robots\" content=\"index, follow, max-snippet:-1, max-image-preview:large, max-video-preview:-1\" \/>\n<link rel=\"canonical\" href=\"https:\/\/www.plazadelobispo.com\/fr\/contact\/\" \/>\n<meta property=\"og:locale\" content=\"fr_FR\" \/>\n<meta property=\"og:type\" content=\"article\" \/>\n<meta property=\"og:title\" content=\"Nous contacter : Nous trouver : L&#039;Experience\" \/>\n<meta property=\"og:description\" content=\"Avez-vous des questions ou des commentaires ? Contactez nous ! Rencontrez-nous devant la cath\u00e9drale de Malaga et dites-nous comment nous pouvons vous aider.\" \/>\n<meta property=\"og:url\" content=\"https:\/\/www.plazadelobispo.com\/fr\/contact\/\" \/>\n<meta property=\"og:site_name\" content=\"L&#039; Experience\" \/>\n<meta property=\"article:modified_time\" content=\"2024-03-06T07:07:26+00:00\" \/>\n<meta name=\"twitter:card\" content=\"summary_large_image\" \/>\n<meta name=\"twitter:label1\" content=\"Dur\u00e9e de lecture estim\u00e9e\" \/>\n\t<meta name=\"twitter:data1\" content=\"2 minutes\" \/>\n<script type=\"application\/ld+json\" class=\"yoast-schema-graph\">{\"@context\":\"https:\\\/\\\/schema.org\",\"@graph\":[{\"@type\":\"WebPage\",\"@id\":\"https:\\\/\\\/www.plazadelobispo.com\\\/fr\\\/contact\\\/\",\"url\":\"https:\\\/\\\/www.plazadelobispo.com\\\/fr\\\/contact\\\/\",\"name\":\"Nous contacter : Nous trouver : L'Experience\",\"isPartOf\":{\"@id\":\"https:\\\/\\\/www.plazadelobispo.com\\\/fr\\\/#website\"},\"datePublished\":\"2022-09-30T11:26:09+00:00\",\"dateModified\":\"2024-03-06T07:07:26+00:00\",\"description\":\"Avez-vous des questions ou des commentaires ? Contactez nous ! Rencontrez-nous devant la cath\u00e9drale de Malaga et dites-nous comment nous pouvons vous aider.\",\"breadcrumb\":{\"@id\":\"https:\\\/\\\/www.plazadelobispo.com\\\/fr\\\/contact\\\/#breadcrumb\"},\"inLanguage\":\"fr-FR\",\"potentialAction\":[{\"@type\":\"ReadAction\",\"target\":[\"https:\\\/\\\/www.plazadelobispo.com\\\/fr\\\/contact\\\/\"]}]},{\"@type\":\"BreadcrumbList\",\"@id\":\"https:\\\/\\\/www.plazadelobispo.com\\\/fr\\\/contact\\\/#breadcrumb\",\"itemListElement\":[{\"@type\":\"ListItem\",\"position\":1,\"name\":\"Portada\",\"item\":\"https:\\\/\\\/www.plazadelobispo.com\\\/fr\\\/\"},{\"@type\":\"ListItem\",\"position\":2,\"name\":\"Contact\"}]},{\"@type\":\"WebSite\",\"@id\":\"https:\\\/\\\/www.plazadelobispo.com\\\/fr\\\/#website\",\"url\":\"https:\\\/\\\/www.plazadelobispo.com\\\/fr\\\/\",\"name\":\"L' Experience\",\"description\":\"\",\"publisher\":{\"@id\":\"https:\\\/\\\/www.plazadelobispo.com\\\/fr\\\/#organization\"},\"potentialAction\":[{\"@type\":\"SearchAction\",\"target\":{\"@type\":\"EntryPoint\",\"urlTemplate\":\"https:\\\/\\\/www.plazadelobispo.com\\\/fr\\\/?s={search_term_string}\"},\"query-input\":{\"@type\":\"PropertyValueSpecification\",\"valueRequired\":true,\"valueName\":\"search_term_string\"}}],\"inLanguage\":\"fr-FR\"},{\"@type\":\"Organization\",\"@id\":\"https:\\\/\\\/www.plazadelobispo.com\\\/fr\\\/#organization\",\"name\":\"L' Experience\",\"url\":\"https:\\\/\\\/www.plazadelobispo.com\\\/fr\\\/\",\"logo\":{\"@type\":\"ImageObject\",\"inLanguage\":\"fr-FR\",\"@id\":\"https:\\\/\\\/www.plazadelobispo.com\\\/fr\\\/#\\\/schema\\\/logo\\\/image\\\/\",\"url\":\"https:\\\/\\\/www.plazadelobispo.com\\\/wp-content\\\/uploads\\\/2023\\\/07\\\/logo-color-1.png\",\"contentUrl\":\"https:\\\/\\\/www.plazadelobispo.com\\\/wp-content\\\/uploads\\\/2023\\\/07\\\/logo-color-1.png\",\"width\":400,\"height\":72,\"caption\":\"L' Experience\"},\"image\":{\"@id\":\"https:\\\/\\\/www.plazadelobispo.com\\\/fr\\\/#\\\/schema\\\/logo\\\/image\\\/\"}}]}<\/script>\n<!-- \/ Yoast SEO plugin. -->","yoast_head_json":{"title":"Nous contacter : Nous trouver : L'Experience","description":"Avez-vous des questions ou des commentaires ? Contactez nous ! Rencontrez-nous devant la cath\u00e9drale de Malaga et dites-nous comment nous pouvons vous aider.","robots":{"index":"index","follow":"follow","max-snippet":"max-snippet:-1","max-image-preview":"max-image-preview:large","max-video-preview":"max-video-preview:-1"},"canonical":"https:\/\/www.plazadelobispo.com\/fr\/contact\/","og_locale":"fr_FR","og_type":"article","og_title":"Nous contacter : Nous trouver : L'Experience","og_description":"Avez-vous des questions ou des commentaires ? Contactez nous ! Rencontrez-nous devant la cath\u00e9drale de Malaga et dites-nous comment nous pouvons vous aider.","og_url":"https:\/\/www.plazadelobispo.com\/fr\/contact\/","og_site_name":"L&#039; Experience","article_modified_time":"2024-03-06T07:07:26+00:00","twitter_card":"summary_large_image","twitter_misc":{"Dur\u00e9e de lecture estim\u00e9e":"2 minutes"},"schema":{"@context":"https:\/\/schema.org","@graph":[{"@type":"WebPage","@id":"https:\/\/www.plazadelobispo.com\/fr\/contact\/","url":"https:\/\/www.plazadelobispo.com\/fr\/contact\/","name":"Nous contacter : Nous trouver : L'Experience","isPartOf":{"@id":"https:\/\/www.plazadelobispo.com\/fr\/#website"},"datePublished":"2022-09-30T11:26:09+00:00","dateModified":"2024-03-06T07:07:26+00:00","description":"Avez-vous des questions ou des commentaires ? Contactez nous ! Rencontrez-nous devant la cath\u00e9drale de Malaga et dites-nous comment nous pouvons vous aider.","breadcrumb":{"@id":"https:\/\/www.plazadelobispo.com\/fr\/contact\/#breadcrumb"},"inLanguage":"fr-FR","potentialAction":[{"@type":"ReadAction","target":["https:\/\/www.plazadelobispo.com\/fr\/contact\/"]}]},{"@type":"BreadcrumbList","@id":"https:\/\/www.plazadelobispo.com\/fr\/contact\/#breadcrumb","itemListElement":[{"@type":"ListItem","position":1,"name":"Portada","item":"https:\/\/www.plazadelobispo.com\/fr\/"},{"@type":"ListItem","position":2,"name":"Contact"}]},{"@type":"WebSite","@id":"https:\/\/www.plazadelobispo.com\/fr\/#website","url":"https:\/\/www.plazadelobispo.com\/fr\/","name":"L' Experience","description":"","publisher":{"@id":"https:\/\/www.plazadelobispo.com\/fr\/#organization"},"potentialAction":[{"@type":"SearchAction","target":{"@type":"EntryPoint","urlTemplate":"https:\/\/www.plazadelobispo.com\/fr\/?s={search_term_string}"},"query-input":{"@type":"PropertyValueSpecification","valueRequired":true,"valueName":"search_term_string"}}],"inLanguage":"fr-FR"},{"@type":"Organization","@id":"https:\/\/www.plazadelobispo.com\/fr\/#organization","name":"L' Experience","url":"https:\/\/www.plazadelobispo.com\/fr\/","logo":{"@type":"ImageObject","inLanguage":"fr-FR","@id":"https:\/\/www.plazadelobispo.com\/fr\/#\/schema\/logo\/image\/","url":"https:\/\/www.plazadelobispo.com\/wp-content\/uploads\/2023\/07\/logo-color-1.png","contentUrl":"https:\/\/www.plazadelobispo.com\/wp-content\/uploads\/2023\/07\/logo-color-1.png","width":400,"height":72,"caption":"L' Experience"},"image":{"@id":"https:\/\/www.plazadelobispo.com\/fr\/#\/schema\/logo\/image\/"}}]}},"_links":{"self":[{"href":"https:\/\/www.plazadelobispo.com\/fr\/wp-json\/wp\/v2\/pages\/595","targetHints":{"allow":["GET"]}}],"collection":[{"href":"https:\/\/www.plazadelobispo.com\/fr\/wp-json\/wp\/v2\/pages"}],"about":[{"href":"https:\/\/www.plazadelobispo.com\/fr\/wp-json\/wp\/v2\/types\/page"}],"author":[{"embeddable":true,"href":"https:\/\/www.plazadelobispo.com\/fr\/wp-json\/wp\/v2\/users\/1"}],"replies":[{"embeddable":true,"href":"https:\/\/www.plazadelobispo.com\/fr\/wp-json\/wp\/v2\/comments?post=595"}],"version-history":[{"count":3,"href":"https:\/\/www.plazadelobispo.com\/fr\/wp-json\/wp\/v2\/pages\/595\/revisions"}],"predecessor-version":[{"id":599,"href":"https:\/\/www.plazadelobispo.com\/fr\/wp-json\/wp\/v2\/pages\/595\/revisions\/599"}],"wp:attachment":[{"href":"https:\/\/www.plazadelobispo.com\/fr\/wp-json\/wp\/v2\/media?parent=595"}],"curies":[{"name":"wp","href":"https:\/\/api.w.org\/{rel}","templated":true}]}}