{"id":627,"date":"2022-09-30T13:44:00","date_gmt":"2022-09-30T11:44:00","guid":{"rendered":"https:\/\/www.plazadelobispo.com\/avis-juridique\/"},"modified":"2024-03-12T13:36:13","modified_gmt":"2024-03-12T11:36:13","slug":"avis-juridique","status":"publish","type":"page","link":"https:\/\/www.plazadelobispo.com\/fr\/avis-juridique\/","title":{"rendered":"Avis juridique"},"content":{"rendered":"<section class=\"l-section wpb_row height_medium\"><div class=\"l-section-h i-cf\"><div class=\"g-cols vc_row via_flex valign_top type_default stacking_default\"><div class=\"vc_col-sm-12 wpb_column vc_column_container\"><div class=\"vc_column-inner\"><div class=\"wpb_wrapper\">[vc_custom_heading text=\u00a0\u00bbAvis juridique\u00a0\u00bb font_container=\u00a0\u00bbtag:h1|text_align:left\u00a0\u00bb use_theme_fonts=\u00a0\u00bbyes\u00a0\u00bb]<div class=\"wpb_text_column\"><div class=\"wpb_wrapper\"><p><strong>Conform\u00e9ment aux dispositions de la loi 34\/2002 du 11 juillet 2002 sur les services de la soci\u00e9t\u00e9 de l&rsquo;information et le commerce \u00e9lectronique (LSSICE), les informations g\u00e9n\u00e9rales du site Web sont les suivantes <\/strong><strong>plazadelobispo.com<\/strong><\/p>\n<h2 class=\"western\">1. Entit\u00e9<\/h2>\n<p><strong>L&rsquo;Experience S.L.  <\/strong><br \/>\nNUM\u00c9RO DE TVA : B93193928<br \/>\nTlf : 952 60 87 84<br \/>\nPlaza del Obispo, 4, 29015, M\u00e1laga<br \/>\nDONN\u00c9ES D&rsquo;ENREGISTREMENT<br \/>\nCourriel : administracion@plazadelobispo.com<\/p>\n<h2 class=\"western\">2. Utilisation du site web<\/h2>\n<p>Le site Web est offert \u00e0 des fins promotionnelles, informant sur les diff\u00e9rents services offerts par L&rsquo;Experience S.L., une entreprise d\u00e9di\u00e9e \u00e0 la fourniture de services de restauration. une entreprise qui se consacre \u00e0 la prestation de services de restauration.<\/p>\n<p>L&rsquo;Experience S.L. peut cesser de fournir les services d&rsquo;information offerts sur ce site web sans aucune communication avec l&rsquo;utilisateur, ce qui n&rsquo;entra\u00eenera aucune obligation l\u00e9gale pour l&rsquo;utilisateur ou des tiers.<\/p>\n<h2 class=\"western\">3. Respect de la vie priv\u00e9e<\/h2>\n<p>Les informations que L&rsquo;Experience S.L. peut recueillir aupr\u00e8s des utilisateurs de ce site web seront utilis\u00e9es exclusivement pour fournir aux int\u00e9ress\u00e9s qui en font la demande des informations et\/ou pour r\u00e9pondre \u00e0 autant de questions que l&rsquo;utilisateur le juge opportun.<\/p>\n<p>Pour plus d&rsquo;informations, veuillez consulter notre politique de confidentialit\u00e9.<\/p>\n<h2 class=\"western\">4. Liens avec des tiers<\/h2>\n<p>Dans le cas de liens vers des sites tiers, l&rsquo;utilisateur sera r\u00e9gi par les conditions d&rsquo;utilisation et la politique de confidentialit\u00e9 du nouveau site, en acceptant que L&rsquo;Experience S.L. ne soit pas responsable de l&rsquo;utilisation de ces sites. L&rsquo;Experience S.L. ne sera pas responsable de l&rsquo;utilisation de ces sites.<\/p>\n<h2 class=\"western\">5. Propri\u00e9t\u00e9 intellectuelle<\/h2>\n<p>L&rsquo;Experience S.L. est titulaire de tous les droits de propri\u00e9t\u00e9 intellectuelle et industrielle des \u00e9l\u00e9ments qui composent ce site web, et tous les droits sont r\u00e9serv\u00e9s. La reproduction, la distribution et la communication publique, y compris la mise \u00e0 disposition de tout ou partie du contenu de ce site web \u00e0 des fins commerciales, sont express\u00e9ment interdites conform\u00e9ment aux articles 8 et 21 de la loi sur la propri\u00e9t\u00e9 intellectuelle.<\/p>\n<p>L&rsquo;utilisateur du site peut en tout \u00e9tat de cause visualiser les \u00e9l\u00e9ments et contenus de ce site et peut les imprimer, les stocker et m\u00eame les copier sur n&rsquo;importe quel support, \u00e0 condition que ce soit pour un usage strictement personnel et priv\u00e9.<\/p>\n<h2 class=\"western\">6. Conditions d&rsquo;utilisation et de responsabilit\u00e9<\/h2>\n<p>L&rsquo;utilisateur du site web de L&rsquo;Experience S.L. s&rsquo;engage \u00e0 utiliser ce site web conform\u00e9ment \u00e0 la loi, \u00e0 la morale et \u00e0 l&rsquo;ordre public.<\/p>\n<p>En r\u00e9sum\u00e9, l&rsquo;utilisateur doit s&rsquo;abstenir d&rsquo;adopter les comportements suivants :<\/p>\n<p>l&rsquo;utilisation non autoris\u00e9e ou frauduleuse du site web.<br \/>\nTentative d&rsquo;acc\u00e8s non autoris\u00e9 par son propri\u00e9taire l\u00e9gitime.<br \/>\nToute utilisation du portail web \u00e0 des fins illicites ou pr\u00e9judiciables \u00e0 des tiers ou dans l&rsquo;intention de nuire au site et au reste des utilisateurs de celui-ci.<br \/>\ncauser des dommages aux syst\u00e8mes que ce site web peut avoir install\u00e9s pour son fonctionnement.<\/p>\n<p>Le propri\u00e9taire de L&rsquo;Experience S.L. ne sera responsable que des contenus cr\u00e9\u00e9s et ajout\u00e9s par lui-m\u00eame, et non des liens qui peuvent \u00eatre incorpor\u00e9s par des tiers, ou des liens externes qui redirigent vers un autre site web, dont il ne contr\u00f4le \u00e9videmment pas l&rsquo;alt\u00e9ration.<br \/>\nLe propri\u00e9taire se r\u00e9serve le droit d&rsquo;apporter sans pr\u00e9avis les modifications qu&rsquo;il juge opportunes, tant au niveau du contenu qu&rsquo;\u00e0 celui des services qu&rsquo;il propose. En outre, elle se r\u00e9serve le droit d&rsquo;approuver ou de supprimer les contenus ajout\u00e9s par des tiers qu&rsquo;elle juge inappropri\u00e9s.<\/p>\n<h2 class=\"western\">7. Modifications des conditions d&rsquo;utilisation<\/h2>\n<p>L&rsquo;Experience S.L. se r\u00e9serve le droit de modifier ses conditions d&rsquo;utilisation et sa politique de confidentialit\u00e9 chaque fois qu&rsquo;elle le juge opportun. L&rsquo;utilisateur est tenu de v\u00e9rifier le contenu des pr\u00e9sentes conditions d&rsquo;utilisation, car elles peuvent \u00eatre modifi\u00e9es sans pr\u00e9avis. Il\/elle comprend et accepte toutes les clauses contenues dans ce document. Il est de la seule responsabilit\u00e9 de l&rsquo;utilisateur de prendre connaissance des conditions susmentionn\u00e9es.<\/p>\n<h2 class=\"western\">8. Droit applicable et juridiction<\/h2>\n<p>La loi applicable en cas de litige ou de conflit d&rsquo;interpr\u00e9tation des termes qui composent le pr\u00e9sent avis juridique, ainsi que toute question li\u00e9e aux services de ce portail, sera la loi espagnole.<br \/>\nPour la r\u00e9solution de tout conflit pouvant d\u00e9couler de la visite du portail ou de l&rsquo;utilisation des contenus qui peuvent y \u00eatre publi\u00e9s, il convient de s&rsquo;adresser aux tribunaux comp\u00e9tents.<\/p>\n<\/div><\/div><\/div><\/div><\/div><\/div><\/div><\/section>\n","protected":false},"excerpt":{"rendered":"[vc_custom_heading text=\"Avis juridique\" font_container=\"tag:h1|text_align:left\" use_theme_fonts=\"yes\"]Conform\u00e9ment aux dispositions de la loi 34\/2002 du 11 juillet 2002 sur les services de la soci\u00e9t\u00e9 de l&rsquo;information et le commerce \u00e9lectronique (LSSICE), les informations g\u00e9n\u00e9rales du site Web sont les suivantes plazadelobispo.com 1. Entit\u00e9 L&rsquo;Experience S.L. NUM\u00c9RO DE TVA : B93193928 Tlf : 952 60 87 84 Plaza del...","protected":false},"author":1,"featured_media":0,"parent":0,"menu_order":0,"comment_status":"closed","ping_status":"open","template":"","meta":{"footnotes":""},"class_list":["post-627","page","type-page","status-publish","hentry"],"yoast_head":"<!-- This site is optimized with the Yoast SEO plugin v27.4 - https:\/\/yoast.com\/product\/yoast-seo-wordpress\/ -->\n<title>Avis juridique - L&#039; Experience<\/title>\n<meta name=\"robots\" content=\"noindex, follow\" \/>\n<meta property=\"og:locale\" content=\"fr_FR\" \/>\n<meta property=\"og:type\" content=\"article\" \/>\n<meta property=\"og:title\" content=\"Avis juridique - L&#039; Experience\" \/>\n<meta property=\"og:url\" content=\"https:\/\/www.plazadelobispo.com\/fr\/avis-juridique\/\" \/>\n<meta property=\"og:site_name\" content=\"L&#039; Experience\" \/>\n<meta property=\"article:modified_time\" content=\"2024-03-12T11:36:13+00:00\" \/>\n<meta name=\"twitter:card\" content=\"summary_large_image\" \/>\n<meta name=\"twitter:label1\" content=\"Dur\u00e9e de lecture estim\u00e9e\" \/>\n\t<meta name=\"twitter:data1\" content=\"4 minutes\" \/>\n<script type=\"application\/ld+json\" class=\"yoast-schema-graph\">{\"@context\":\"https:\\\/\\\/schema.org\",\"@graph\":[{\"@type\":\"WebPage\",\"@id\":\"https:\\\/\\\/www.plazadelobispo.com\\\/fr\\\/avis-juridique\\\/\",\"url\":\"https:\\\/\\\/www.plazadelobispo.com\\\/fr\\\/avis-juridique\\\/\",\"name\":\"Avis juridique - L&#039; Experience\",\"isPartOf\":{\"@id\":\"https:\\\/\\\/www.plazadelobispo.com\\\/fr\\\/#website\"},\"datePublished\":\"2022-09-30T11:44:00+00:00\",\"dateModified\":\"2024-03-12T11:36:13+00:00\",\"breadcrumb\":{\"@id\":\"https:\\\/\\\/www.plazadelobispo.com\\\/fr\\\/avis-juridique\\\/#breadcrumb\"},\"inLanguage\":\"fr-FR\",\"potentialAction\":[{\"@type\":\"ReadAction\",\"target\":[\"https:\\\/\\\/www.plazadelobispo.com\\\/fr\\\/avis-juridique\\\/\"]}]},{\"@type\":\"BreadcrumbList\",\"@id\":\"https:\\\/\\\/www.plazadelobispo.com\\\/fr\\\/avis-juridique\\\/#breadcrumb\",\"itemListElement\":[{\"@type\":\"ListItem\",\"position\":1,\"name\":\"Portada\",\"item\":\"https:\\\/\\\/www.plazadelobispo.com\\\/fr\\\/\"},{\"@type\":\"ListItem\",\"position\":2,\"name\":\"Avis juridique\"}]},{\"@type\":\"WebSite\",\"@id\":\"https:\\\/\\\/www.plazadelobispo.com\\\/fr\\\/#website\",\"url\":\"https:\\\/\\\/www.plazadelobispo.com\\\/fr\\\/\",\"name\":\"L' Experience\",\"description\":\"\",\"publisher\":{\"@id\":\"https:\\\/\\\/www.plazadelobispo.com\\\/fr\\\/#organization\"},\"potentialAction\":[{\"@type\":\"SearchAction\",\"target\":{\"@type\":\"EntryPoint\",\"urlTemplate\":\"https:\\\/\\\/www.plazadelobispo.com\\\/fr\\\/?s={search_term_string}\"},\"query-input\":{\"@type\":\"PropertyValueSpecification\",\"valueRequired\":true,\"valueName\":\"search_term_string\"}}],\"inLanguage\":\"fr-FR\"},{\"@type\":\"Organization\",\"@id\":\"https:\\\/\\\/www.plazadelobispo.com\\\/fr\\\/#organization\",\"name\":\"L' Experience\",\"url\":\"https:\\\/\\\/www.plazadelobispo.com\\\/fr\\\/\",\"logo\":{\"@type\":\"ImageObject\",\"inLanguage\":\"fr-FR\",\"@id\":\"https:\\\/\\\/www.plazadelobispo.com\\\/fr\\\/#\\\/schema\\\/logo\\\/image\\\/\",\"url\":\"https:\\\/\\\/www.plazadelobispo.com\\\/wp-content\\\/uploads\\\/2023\\\/07\\\/logo-color-1.png\",\"contentUrl\":\"https:\\\/\\\/www.plazadelobispo.com\\\/wp-content\\\/uploads\\\/2023\\\/07\\\/logo-color-1.png\",\"width\":400,\"height\":72,\"caption\":\"L' Experience\"},\"image\":{\"@id\":\"https:\\\/\\\/www.plazadelobispo.com\\\/fr\\\/#\\\/schema\\\/logo\\\/image\\\/\"}}]}<\/script>\n<!-- \/ Yoast SEO plugin. -->","yoast_head_json":{"title":"Avis juridique - L&#039; Experience","robots":{"index":"noindex","follow":"follow"},"og_locale":"fr_FR","og_type":"article","og_title":"Avis juridique - L&#039; Experience","og_url":"https:\/\/www.plazadelobispo.com\/fr\/avis-juridique\/","og_site_name":"L&#039; Experience","article_modified_time":"2024-03-12T11:36:13+00:00","twitter_card":"summary_large_image","twitter_misc":{"Dur\u00e9e de lecture estim\u00e9e":"4 minutes"},"schema":{"@context":"https:\/\/schema.org","@graph":[{"@type":"WebPage","@id":"https:\/\/www.plazadelobispo.com\/fr\/avis-juridique\/","url":"https:\/\/www.plazadelobispo.com\/fr\/avis-juridique\/","name":"Avis juridique - L&#039; Experience","isPartOf":{"@id":"https:\/\/www.plazadelobispo.com\/fr\/#website"},"datePublished":"2022-09-30T11:44:00+00:00","dateModified":"2024-03-12T11:36:13+00:00","breadcrumb":{"@id":"https:\/\/www.plazadelobispo.com\/fr\/avis-juridique\/#breadcrumb"},"inLanguage":"fr-FR","potentialAction":[{"@type":"ReadAction","target":["https:\/\/www.plazadelobispo.com\/fr\/avis-juridique\/"]}]},{"@type":"BreadcrumbList","@id":"https:\/\/www.plazadelobispo.com\/fr\/avis-juridique\/#breadcrumb","itemListElement":[{"@type":"ListItem","position":1,"name":"Portada","item":"https:\/\/www.plazadelobispo.com\/fr\/"},{"@type":"ListItem","position":2,"name":"Avis juridique"}]},{"@type":"WebSite","@id":"https:\/\/www.plazadelobispo.com\/fr\/#website","url":"https:\/\/www.plazadelobispo.com\/fr\/","name":"L' Experience","description":"","publisher":{"@id":"https:\/\/www.plazadelobispo.com\/fr\/#organization"},"potentialAction":[{"@type":"SearchAction","target":{"@type":"EntryPoint","urlTemplate":"https:\/\/www.plazadelobispo.com\/fr\/?s={search_term_string}"},"query-input":{"@type":"PropertyValueSpecification","valueRequired":true,"valueName":"search_term_string"}}],"inLanguage":"fr-FR"},{"@type":"Organization","@id":"https:\/\/www.plazadelobispo.com\/fr\/#organization","name":"L' Experience","url":"https:\/\/www.plazadelobispo.com\/fr\/","logo":{"@type":"ImageObject","inLanguage":"fr-FR","@id":"https:\/\/www.plazadelobispo.com\/fr\/#\/schema\/logo\/image\/","url":"https:\/\/www.plazadelobispo.com\/wp-content\/uploads\/2023\/07\/logo-color-1.png","contentUrl":"https:\/\/www.plazadelobispo.com\/wp-content\/uploads\/2023\/07\/logo-color-1.png","width":400,"height":72,"caption":"L' Experience"},"image":{"@id":"https:\/\/www.plazadelobispo.com\/fr\/#\/schema\/logo\/image\/"}}]}},"_links":{"self":[{"href":"https:\/\/www.plazadelobispo.com\/fr\/wp-json\/wp\/v2\/pages\/627","targetHints":{"allow":["GET"]}}],"collection":[{"href":"https:\/\/www.plazadelobispo.com\/fr\/wp-json\/wp\/v2\/pages"}],"about":[{"href":"https:\/\/www.plazadelobispo.com\/fr\/wp-json\/wp\/v2\/types\/page"}],"author":[{"embeddable":true,"href":"https:\/\/www.plazadelobispo.com\/fr\/wp-json\/wp\/v2\/users\/1"}],"replies":[{"embeddable":true,"href":"https:\/\/www.plazadelobispo.com\/fr\/wp-json\/wp\/v2\/comments?post=627"}],"version-history":[{"count":7,"href":"https:\/\/www.plazadelobispo.com\/fr\/wp-json\/wp\/v2\/pages\/627\/revisions"}],"predecessor-version":[{"id":863,"href":"https:\/\/www.plazadelobispo.com\/fr\/wp-json\/wp\/v2\/pages\/627\/revisions\/863"}],"wp:attachment":[{"href":"https:\/\/www.plazadelobispo.com\/fr\/wp-json\/wp\/v2\/media?parent=627"}],"curies":[{"name":"wp","href":"https:\/\/api.w.org\/{rel}","templated":true}]}}