{"id":635,"date":"2024-02-15T11:50:55","date_gmt":"2024-02-15T09:50:55","guid":{"rendered":"https:\/\/www.plazadelobispo.com\/lettre\/"},"modified":"2025-04-11T18:50:47","modified_gmt":"2025-04-11T16:50:47","slug":"lettre","status":"publish","type":"page","link":"https:\/\/www.plazadelobispo.com\/fr\/lettre\/","title":{"rendered":"Lettre"},"content":{"rendered":"<section class=\"l-section wpb_row us_custom_5cd26a65 height_auto\"><div class=\"l-section-h i-cf\"><div class=\"g-cols vc_row via_flex valign_middle type_default stacking_default\"><div class=\"vc_col-sm-6 wpb_column vc_column_container stretched\"><div class=\"vc_column-inner us_custom_ed1d14ae\"><div class=\"wpb_wrapper\"><div class=\"w-image us_custom_ed1d14ae img-cabecera align_none\"><div class=\"w-image-h\"><img loading=\"lazy\" decoding=\"async\" width=\"715\" height=\"1024\" src=\"https:\/\/www.plazadelobispo.com\/wp-content\/uploads\/2023\/07\/SGF_0132-715x1024.jpg\" class=\"attachment-large size-large\" alt=\"\" \/><\/div><\/div><\/div><\/div><\/div><div class=\"vc_col-sm-6 wpb_column vc_column_container col-2 cabecera\"><div class=\"vc_column-inner\"><div class=\"wpb_wrapper\"><div class=\"w-separator hide_on_default hide_on_mobiles size_large\"><\/div>[vc_custom_heading text=\u00a0\u00bbNotre charte\u00a0\u00bb font_container=\u00a0\u00bbtag:h1|text_align:left\u00a0\u00bb use_theme_fonts=\u00a0\u00bbyes\u00a0\u00bb]<div class=\"wpb_text_column\"><div class=\"wpb_wrapper\"><p><span data-sheets-root=\"1\">Exp\u00e9riences, saveurs et magie de notre ville<\/span><\/p>\n<\/div><\/div><div class=\"w-separator size_small\"><\/div><div class=\"w-image align_none\"><div class=\"w-image-h\"><img loading=\"lazy\" decoding=\"async\" width=\"9\" height=\"78\" src=\"https:\/\/www.plazadelobispo.com\/wp-content\/uploads\/2023\/12\/arrow.png\" class=\"attachment-large size-large\" alt=\"\" \/><\/div><\/div><div class=\"w-separator hide_on_laptops hide_on_tablets hide_on_mobiles size_medium\"><\/div><div class=\"g-cols wpb_row via_flex valign_top type_default stacking_default\"><div class=\"vc_col-sm-6 wpb_column vc_column_container\"><div class=\"vc_column-inner\"><div class=\"wpb_wrapper\"><\/div><\/div><\/div><div class=\"vc_col-sm-6 wpb_column vc_column_container\"><div class=\"vc_column-inner\"><div class=\"wpb_wrapper\"><div class=\"w-image align_right\"><div class=\"w-image-h\"><img loading=\"lazy\" decoding=\"async\" width=\"1083\" height=\"1200\" src=\"https:\/\/www.plazadelobispo.com\/wp-content\/uploads\/2023\/12\/plato-comida.gif\" class=\"attachment-full size-full\" alt=\"\" \/><\/div><\/div><\/div><\/div><\/div><\/div><\/div><\/div><\/div><\/div><\/div><\/section><section class=\"l-section wpb_row us_custom_c9e597ab height_small\"><div class=\"l-section-h i-cf\"><div class=\"g-cols vc_row via_flex valign_top type_default stacking_default\"><div class=\"vc_col-sm-12 wpb_column vc_column_container\"><div class=\"vc_column-inner\"><div class=\"wpb_wrapper\"><div class=\"w-hwrapper align_center valign_middle\" style=\"--hwrapper-gap:1.20rem\">[vc_custom_heading text=\u00a0\u00bbD\u00e9couvrez le go\u00fbt authentique de Malaga\u00a0\u00bb use_theme_fonts=\u00a0\u00bbyes\u00a0\u00bb css=\u00a0\u00bb%7B%22default%22%3A%7B%22font-weight%22%3A%22400%22%2C%22text-transform%22%3A%22none%22%2C%22margin-bottom%22%3A%220%22%7D%2C%22mobiles%22%3A%7B%22font-size%22%3A%221rem%22%7D%7D\u00a0\u00bb]<div class=\"w-btn-wrapper align_none\"><a class=\"w-btn us-btn-style_1\" id=\"button_res\" title=\"Contact\" href=\"https:\/\/www.plazadelobispo.com\/fr\/?page_id=641\"><span class=\"w-btn-label\">FAITES VOTRE R\u00c9SERVATION<\/span><\/a><\/div><\/div><\/div><\/div><\/div><\/div><\/div><\/section><section class=\"l-section wpb_row height_medium\"><div class=\"l-section-h i-cf\"><div class=\"g-cols vc_row via_flex valign_middle type_default stacking_default\"><div class=\"vc_col-sm-7 wpb_column vc_column_container\"><div class=\"vc_column-inner\"><div class=\"wpb_wrapper\">[vc_custom_heading text=\u00a0\u00bbExplorer un monde de saveurs\u00a0\u00bb use_theme_fonts=\u00a0\u00bbyes\u00a0\u00bb]<div class=\"wpb_text_column us_custom_aab3a873\"><div class=\"wpb_wrapper\"><p>\u00ab\u00a0Explorez un monde de saveurs m\u00e9diterran\u00e9ennes \u00e0 travers nos plats.<br \/>\nD\u00e9couvrez sur notre carte tous les plats \u00e0 partager avec les meilleurs ingr\u00e9dients locaux, nos hamburgers gastronomiques et nos desserts irr\u00e9sistibles.<br \/>\nChaque bouch\u00e9e est une exp\u00e9rience unique. \u00ab\u00a0<\/p>\n<\/div><\/div><div class=\"w-separator size_medium\"><\/div><div class=\"g-cols wpb_row via_flex valign_middle type_default stacking_default\"><div class=\"vc_col-sm-12 wpb_column vc_column_container\"><div class=\"vc_column-inner\"><div class=\"wpb_wrapper\"><div class=\"w-image us_custom_8db62cc5 align_center\"><div class=\"w-image-h\"><img loading=\"lazy\" decoding=\"async\" width=\"550\" height=\"200\" src=\"https:\/\/www.plazadelobispo.com\/wp-content\/uploads\/2023\/12\/huellas.gif\" class=\"attachment-full size-full\" alt=\"\" \/><\/div><\/div><\/div><\/div><\/div><\/div><\/div><\/div><\/div><div class=\"vc_col-sm-1 wpb_column vc_column_container\"><div class=\"vc_column-inner\"><div class=\"wpb_wrapper\"><\/div><\/div><\/div><div class=\"vc_col-sm-4 wpb_column vc_column_container\"><div class=\"vc_column-inner\"><div class=\"wpb_wrapper\"><div class=\"w-separator hide_on_default hide_on_laptops size_medium\"><\/div><div class=\"w-image rotate invert align_none\"><a target=\"_blank\" href=\"https:\/\/www.plazadelobispo.com\/wp-content\/uploads\/2025\/04\/AF_CARTA-INGLES-4.pdf\" rel=\"noopener\" aria-label=\"Lien\" class=\"w-image-h\"><img loading=\"lazy\" decoding=\"async\" width=\"1024\" height=\"915\" src=\"https:\/\/www.plazadelobispo.com\/wp-content\/uploads\/2024\/02\/carta-1024x915.png\" class=\"attachment-large size-large\" alt=\"\" \/><\/a><\/div><div class=\"w-separator size_medium\"><\/div><div class=\"w-btn-wrapper align_center\"><a class=\"w-btn us-btn-style_1 us_custom_a2c31d4e menu\" id=\"button_cart\" target=\"_blank\" href=\"https:\/\/www.plazadelobispo.com\/wp-content\/uploads\/2025\/04\/AF_CARTA-INGLES-4.pdf\" rel=\"noopener\"><span class=\"w-btn-label\">Notre menu<\/span><\/a><\/div><\/div><\/div><\/div><\/div><\/div><\/section><section class=\"l-section wpb_row height_medium width_full\"><div class=\"l-section-h i-cf\"><div class=\"g-cols vc_row via_flex valign_middle type_default stacking_default\"><div class=\"vc_col-sm-6 wpb_column vc_column_container\"><div class=\"vc_column-inner\"><div class=\"wpb_wrapper\">[vc_custom_heading text=\u00a0\u00bbL\u00e0 o\u00f9 le go\u00fbt et la qualit\u00e9 se rencontrent.<br \/>\n<u>Go\u00fbtez votre Malaga.<\/u>\u00a0\u00bb font_container=\u00a0\u00bbtag:h2|text_align:right\u00a0\u00bb use_theme_fonts=\u00a0\u00bbyes\u00a0\u00bb el_class=\u00a0\u00bbtitle-final\u00a0\u00bb css=\u00a0\u00bb%7B%22default%22%3A%7B%22font-size%22%3A%224rem%22%2C%22position%22%3A%22relative%22%2C%22right%22%3A%22-6rem%22%2C%22z-index%22%3A%2250%22%7D%2C%22laptops%22%3A%7B%22font-size%22%3A%224rem%22%2C%22position%22%3A%22relative%22%2C%22right%22%3A%22-5rem%22%2C%22z-index%22%3A%2250%22%7D%2C%22tablets%22%3A%7B%22text-align%22%3A%22left%22%2C%22font-size%22%3A%223.5rem%22%2C%22padding-left%22%3A%221rem%22%2C%22padding-top%22%3A%221rem%22%2C%22padding-bottom%22%3A%221rem%22%2C%22padding-right%22%3A%221rem%22%2C%22position%22%3A%22relative%22%2C%22right%22%3A%220rem%22%2C%22z-index%22%3A%2250%22%7D%2C%22mobiles%22%3A%7B%22text-align%22%3A%22left%22%2C%22font-size%22%3A%223rem%22%2C%22padding-left%22%3A%221rem%22%2C%22padding-top%22%3A%221rem%22%2C%22padding-bottom%22%3A%221rem%22%2C%22padding-right%22%3A%221rem%22%2C%22position%22%3A%22relative%22%2C%22right%22%3A%220rem%22%2C%22z-index%22%3A%2250%22%7D%7D\u00a0\u00bb]<\/div><\/div><\/div><div class=\"vc_col-sm-6 wpb_column vc_column_container\"><div class=\"vc_column-inner\"><div class=\"wpb_wrapper\"><div class=\"w-grid type_carousel layout_415\" id=\"us_grid_1\" style=\"--gap:1.5rem;\"><style>.layout_415 .w-grid-item-h{}.layout_415 .usg_post_image_1{max-height:60vh!important}<\/style><div class=\"w-grid-list owl-carousel navstyle_circle navpos_outside\">\t<article class=\"w-grid-item post-806 attachment type-attachment status-inherit hentry\" data-id=\"806\">\r\n\t\t<div class=\"w-grid-item-h\">\r\n\t\t\t\t\t\t<div class=\"w-post-elm post_image usg_post_image_1 gallery has_height has_ratio\"><div style=\"padding-bottom:130.9463%\"><\/div><img loading=\"lazy\" decoding=\"async\" width=\"780\" height=\"1024\" src=\"https:\/\/www.plazadelobispo.com\/wp-content\/uploads\/2023\/07\/IMG_7357-780x1024.jpg\" class=\"attachment-large size-large\" alt=\"\" \/><\/div>\t\t<\/div>\r\n\t<\/article>\r\n\t<article class=\"w-grid-item post-805 attachment type-attachment status-inherit hentry\" data-id=\"805\">\r\n\t\t<div class=\"w-grid-item-h\">\r\n\t\t\t\t\t\t<div class=\"w-post-elm post_image usg_post_image_1 gallery has_height has_ratio\"><div style=\"padding-bottom:130.9463%\"><\/div><img loading=\"lazy\" decoding=\"async\" width=\"1024\" height=\"596\" src=\"https:\/\/www.plazadelobispo.com\/wp-content\/uploads\/2023\/07\/IMG_7342-1024x596.jpg\" class=\"attachment-large size-large\" alt=\"\" \/><\/div>\t\t<\/div>\r\n\t<\/article>\r\n\t<article class=\"w-grid-item post-804 attachment type-attachment status-inherit hentry\" data-id=\"804\">\r\n\t\t<div class=\"w-grid-item-h\">\r\n\t\t\t\t\t\t<div class=\"w-post-elm post_image usg_post_image_1 gallery has_height has_ratio\"><div style=\"padding-bottom:130.9463%\"><\/div><img loading=\"lazy\" decoding=\"async\" width=\"683\" height=\"1024\" src=\"https:\/\/www.plazadelobispo.com\/wp-content\/uploads\/2023\/07\/IMG_7332-2-683x1024.jpg\" class=\"attachment-large size-large\" alt=\"\" \/><\/div>\t\t<\/div>\r\n\t<\/article>\r\n\t<article class=\"w-grid-item post-803 attachment type-attachment status-inherit hentry\" data-id=\"803\">\r\n\t\t<div class=\"w-grid-item-h\">\r\n\t\t\t\t\t\t<div class=\"w-post-elm post_image usg_post_image_1 gallery has_height has_ratio\"><div style=\"padding-bottom:130.9463%\"><\/div><img loading=\"lazy\" decoding=\"async\" width=\"823\" height=\"1024\" src=\"https:\/\/www.plazadelobispo.com\/wp-content\/uploads\/2023\/07\/IMG_7337-823x1024.jpg\" class=\"attachment-large size-large\" alt=\"\" \/><\/div>\t\t<\/div>\r\n\t<\/article>\r\n\t<article class=\"w-grid-item post-802 attachment type-attachment status-inherit hentry\" data-id=\"802\">\r\n\t\t<div class=\"w-grid-item-h\">\r\n\t\t\t\t\t\t<div class=\"w-post-elm post_image usg_post_image_1 gallery has_height has_ratio\"><div style=\"padding-bottom:130.9463%\"><\/div><img loading=\"lazy\" decoding=\"async\" width=\"782\" height=\"1024\" src=\"https:\/\/www.plazadelobispo.com\/wp-content\/uploads\/2023\/07\/IMG_7279-782x1024.jpg\" class=\"attachment-large size-large\" alt=\"\" \/><\/div>\t\t<\/div>\r\n\t<\/article>\r\n\t<article class=\"w-grid-item post-801 attachment type-attachment status-inherit hentry\" data-id=\"801\">\r\n\t\t<div class=\"w-grid-item-h\">\r\n\t\t\t\t\t\t<div class=\"w-post-elm post_image usg_post_image_1 gallery has_height has_ratio\"><div style=\"padding-bottom:130.9463%\"><\/div><img loading=\"lazy\" decoding=\"async\" width=\"1024\" height=\"709\" src=\"https:\/\/www.plazadelobispo.com\/wp-content\/uploads\/2023\/07\/IMG_7375-1024x709.jpg\" class=\"attachment-large size-large\" alt=\"\" \/><\/div>\t\t<\/div>\r\n\t<\/article>\r\n<\/div><div class=\"g-preloader type_1\">\r\n\t<div><\/div>\r\n<\/div>\r\n\t<div class=\"w-grid-json hidden\" onclick='return {&quot;action&quot;:&quot;us_ajax_grid&quot;,&quot;ajax_url&quot;:&quot;https:\\\/\\\/www.plazadelobispo.com\\\/wp-admin\\\/admin-ajax.php&quot;,&quot;infinite_scroll&quot;:0,&quot;max_num_pages&quot;:1,&quot;pagination&quot;:&quot;none&quot;,&quot;permalink_url&quot;:&quot;https:\\\/\\\/www.plazadelobispo.com\\\/fr\\\/wp-json\\\/wp\\\/v2\\\/pages\\\/635\\\/&quot;,&quot;template_vars&quot;:{&quot;columns&quot;:&quot;1&quot;,&quot;exclude_items&quot;:&quot;none&quot;,&quot;img_size&quot;:&quot;default&quot;,&quot;ignore_items_size&quot;:0,&quot;items_layout&quot;:&quot;415&quot;,&quot;items_offset&quot;:&quot;1&quot;,&quot;load_animation&quot;:&quot;none&quot;,&quot;overriding_link&quot;:&quot;none&quot;,&quot;post_id&quot;:0,&quot;query_args&quot;:{&quot;post_type&quot;:[&quot;attachment&quot;],&quot;post__in&quot;:[&quot;176&quot;,&quot;175&quot;,&quot;174&quot;,&quot;172&quot;,&quot;173&quot;,&quot;171&quot;],&quot;post_status&quot;:&quot;inherit&quot;,&quot;post_mime_type&quot;:&quot;image&quot;,&quot;posts_per_page&quot;:&quot;10&quot;},&quot;orderby_query_args&quot;:{&quot;orderby&quot;:{&quot;date&quot;:&quot;DESC&quot;}},&quot;type&quot;:&quot;carousel&quot;,&quot;us_grid_ajax_index&quot;:1,&quot;us_grid_filter_params&quot;:null,&quot;us_grid_index&quot;:1,&quot;_us_grid_post_type&quot;:&quot;attachment&quot;,&quot;page_args&quot;:[],&quot;lang&quot;:&quot;fr&quot;},&quot;carousel_settings&quot;:{&quot;autoHeight&quot;:0,&quot;autoplay&quot;:1,&quot;carousel_fade&quot;:0,&quot;center&quot;:0,&quot;dots&quot;:0,&quot;items&quot;:&quot;1&quot;,&quot;loop&quot;:true,&quot;nav&quot;:0,&quot;slideby&quot;:&quot;1&quot;,&quot;smooth_play&quot;:0,&quot;speed&quot;:250,&quot;timeout&quot;:3000,&quot;transition&quot;:&quot;&quot;,&quot;aria_labels&quot;:{&quot;prev&quot;:&quot;Pr\\u00e9c\\u00e9dent&quot;,&quot;next&quot;:&quot;Suivant&quot;}},&quot;carousel_breakpoints&quot;:{&quot;0&quot;:{&quot;autoHeight&quot;:0,&quot;autoplay&quot;:1,&quot;autoplayHoverPause&quot;:1,&quot;items&quot;:&quot;1&quot;,&quot;loop&quot;:true,&quot;stagePadding&quot;:0},&quot;601&quot;:{&quot;autoHeight&quot;:0,&quot;autoplay&quot;:1,&quot;autoplayHoverPause&quot;:1,&quot;items&quot;:&quot;1&quot;,&quot;loop&quot;:true,&quot;stagePadding&quot;:0},&quot;1025&quot;:{&quot;autoHeight&quot;:0,&quot;autoplay&quot;:1,&quot;autoplayHoverPause&quot;:1,&quot;items&quot;:&quot;1&quot;,&quot;loop&quot;:true,&quot;stagePadding&quot;:0},&quot;1301&quot;:{&quot;items&quot;:1,&quot;stagePadding&quot;:0}}}'><\/div>\r\n\t<\/div><\/div><\/div><\/div><\/div><\/div><\/section>\n","protected":false},"excerpt":{"rendered":"","protected":false},"author":1,"featured_media":0,"parent":0,"menu_order":0,"comment_status":"closed","ping_status":"closed","template":"","meta":{"footnotes":""},"class_list":["post-635","page","type-page","status-publish","hentry"],"yoast_head":"<!-- This site is optimized with the Yoast SEO plugin v27.4 - https:\/\/yoast.com\/product\/yoast-seo-wordpress\/ -->\n<title>Menu : Nos plats : L&#039;Experience<\/title>\n<meta name=\"description\" content=\"D\u00e9couvrez notre d\u00e9licieux menu dans notre restaurant de Malaga. Des plats traditionnels aux cr\u00e9ations uniques, il y en a pour tous les go\u00fbts.\" \/>\n<meta name=\"robots\" content=\"index, follow, max-snippet:-1, max-image-preview:large, max-video-preview:-1\" \/>\n<link rel=\"canonical\" href=\"https:\/\/www.plazadelobispo.com\/fr\/lettre\/\" \/>\n<meta property=\"og:locale\" content=\"fr_FR\" \/>\n<meta property=\"og:type\" content=\"article\" \/>\n<meta property=\"og:title\" content=\"Menu : Nos plats : L&#039;Experience\" \/>\n<meta property=\"og:description\" content=\"D\u00e9couvrez notre d\u00e9licieux menu dans notre restaurant de Malaga. Des plats traditionnels aux cr\u00e9ations uniques, il y en a pour tous les go\u00fbts.\" \/>\n<meta property=\"og:url\" content=\"https:\/\/www.plazadelobispo.com\/fr\/lettre\/\" \/>\n<meta property=\"og:site_name\" content=\"L&#039; Experience\" \/>\n<meta property=\"article:modified_time\" content=\"2025-04-11T16:50:47+00:00\" \/>\n<meta name=\"twitter:card\" content=\"summary_large_image\" \/>\n<meta name=\"twitter:label1\" content=\"Dur\u00e9e de lecture estim\u00e9e\" \/>\n\t<meta name=\"twitter:data1\" content=\"3 minutes\" \/>\n<script type=\"application\/ld+json\" class=\"yoast-schema-graph\">{\"@context\":\"https:\\\/\\\/schema.org\",\"@graph\":[{\"@type\":\"WebPage\",\"@id\":\"https:\\\/\\\/www.plazadelobispo.com\\\/fr\\\/lettre\\\/\",\"url\":\"https:\\\/\\\/www.plazadelobispo.com\\\/fr\\\/lettre\\\/\",\"name\":\"Menu : Nos plats : L'Experience\",\"isPartOf\":{\"@id\":\"https:\\\/\\\/www.plazadelobispo.com\\\/fr\\\/#website\"},\"datePublished\":\"2024-02-15T09:50:55+00:00\",\"dateModified\":\"2025-04-11T16:50:47+00:00\",\"description\":\"D\u00e9couvrez notre d\u00e9licieux menu dans notre restaurant de Malaga. Des plats traditionnels aux cr\u00e9ations uniques, il y en a pour tous les go\u00fbts.\",\"breadcrumb\":{\"@id\":\"https:\\\/\\\/www.plazadelobispo.com\\\/fr\\\/lettre\\\/#breadcrumb\"},\"inLanguage\":\"fr-FR\",\"potentialAction\":[{\"@type\":\"ReadAction\",\"target\":[\"https:\\\/\\\/www.plazadelobispo.com\\\/fr\\\/lettre\\\/\"]}]},{\"@type\":\"BreadcrumbList\",\"@id\":\"https:\\\/\\\/www.plazadelobispo.com\\\/fr\\\/lettre\\\/#breadcrumb\",\"itemListElement\":[{\"@type\":\"ListItem\",\"position\":1,\"name\":\"Portada\",\"item\":\"https:\\\/\\\/www.plazadelobispo.com\\\/fr\\\/\"},{\"@type\":\"ListItem\",\"position\":2,\"name\":\"Lettre\"}]},{\"@type\":\"WebSite\",\"@id\":\"https:\\\/\\\/www.plazadelobispo.com\\\/fr\\\/#website\",\"url\":\"https:\\\/\\\/www.plazadelobispo.com\\\/fr\\\/\",\"name\":\"L' Experience\",\"description\":\"\",\"publisher\":{\"@id\":\"https:\\\/\\\/www.plazadelobispo.com\\\/fr\\\/#organization\"},\"potentialAction\":[{\"@type\":\"SearchAction\",\"target\":{\"@type\":\"EntryPoint\",\"urlTemplate\":\"https:\\\/\\\/www.plazadelobispo.com\\\/fr\\\/?s={search_term_string}\"},\"query-input\":{\"@type\":\"PropertyValueSpecification\",\"valueRequired\":true,\"valueName\":\"search_term_string\"}}],\"inLanguage\":\"fr-FR\"},{\"@type\":\"Organization\",\"@id\":\"https:\\\/\\\/www.plazadelobispo.com\\\/fr\\\/#organization\",\"name\":\"L' Experience\",\"url\":\"https:\\\/\\\/www.plazadelobispo.com\\\/fr\\\/\",\"logo\":{\"@type\":\"ImageObject\",\"inLanguage\":\"fr-FR\",\"@id\":\"https:\\\/\\\/www.plazadelobispo.com\\\/fr\\\/#\\\/schema\\\/logo\\\/image\\\/\",\"url\":\"https:\\\/\\\/www.plazadelobispo.com\\\/wp-content\\\/uploads\\\/2023\\\/07\\\/logo-color-1.png\",\"contentUrl\":\"https:\\\/\\\/www.plazadelobispo.com\\\/wp-content\\\/uploads\\\/2023\\\/07\\\/logo-color-1.png\",\"width\":400,\"height\":72,\"caption\":\"L' Experience\"},\"image\":{\"@id\":\"https:\\\/\\\/www.plazadelobispo.com\\\/fr\\\/#\\\/schema\\\/logo\\\/image\\\/\"}}]}<\/script>\n<!-- \/ Yoast SEO plugin. -->","yoast_head_json":{"title":"Menu : Nos plats : L'Experience","description":"D\u00e9couvrez notre d\u00e9licieux menu dans notre restaurant de Malaga. Des plats traditionnels aux cr\u00e9ations uniques, il y en a pour tous les go\u00fbts.","robots":{"index":"index","follow":"follow","max-snippet":"max-snippet:-1","max-image-preview":"max-image-preview:large","max-video-preview":"max-video-preview:-1"},"canonical":"https:\/\/www.plazadelobispo.com\/fr\/lettre\/","og_locale":"fr_FR","og_type":"article","og_title":"Menu : Nos plats : L'Experience","og_description":"D\u00e9couvrez notre d\u00e9licieux menu dans notre restaurant de Malaga. Des plats traditionnels aux cr\u00e9ations uniques, il y en a pour tous les go\u00fbts.","og_url":"https:\/\/www.plazadelobispo.com\/fr\/lettre\/","og_site_name":"L&#039; Experience","article_modified_time":"2025-04-11T16:50:47+00:00","twitter_card":"summary_large_image","twitter_misc":{"Dur\u00e9e de lecture estim\u00e9e":"3 minutes"},"schema":{"@context":"https:\/\/schema.org","@graph":[{"@type":"WebPage","@id":"https:\/\/www.plazadelobispo.com\/fr\/lettre\/","url":"https:\/\/www.plazadelobispo.com\/fr\/lettre\/","name":"Menu : Nos plats : L'Experience","isPartOf":{"@id":"https:\/\/www.plazadelobispo.com\/fr\/#website"},"datePublished":"2024-02-15T09:50:55+00:00","dateModified":"2025-04-11T16:50:47+00:00","description":"D\u00e9couvrez notre d\u00e9licieux menu dans notre restaurant de Malaga. Des plats traditionnels aux cr\u00e9ations uniques, il y en a pour tous les go\u00fbts.","breadcrumb":{"@id":"https:\/\/www.plazadelobispo.com\/fr\/lettre\/#breadcrumb"},"inLanguage":"fr-FR","potentialAction":[{"@type":"ReadAction","target":["https:\/\/www.plazadelobispo.com\/fr\/lettre\/"]}]},{"@type":"BreadcrumbList","@id":"https:\/\/www.plazadelobispo.com\/fr\/lettre\/#breadcrumb","itemListElement":[{"@type":"ListItem","position":1,"name":"Portada","item":"https:\/\/www.plazadelobispo.com\/fr\/"},{"@type":"ListItem","position":2,"name":"Lettre"}]},{"@type":"WebSite","@id":"https:\/\/www.plazadelobispo.com\/fr\/#website","url":"https:\/\/www.plazadelobispo.com\/fr\/","name":"L' Experience","description":"","publisher":{"@id":"https:\/\/www.plazadelobispo.com\/fr\/#organization"},"potentialAction":[{"@type":"SearchAction","target":{"@type":"EntryPoint","urlTemplate":"https:\/\/www.plazadelobispo.com\/fr\/?s={search_term_string}"},"query-input":{"@type":"PropertyValueSpecification","valueRequired":true,"valueName":"search_term_string"}}],"inLanguage":"fr-FR"},{"@type":"Organization","@id":"https:\/\/www.plazadelobispo.com\/fr\/#organization","name":"L' Experience","url":"https:\/\/www.plazadelobispo.com\/fr\/","logo":{"@type":"ImageObject","inLanguage":"fr-FR","@id":"https:\/\/www.plazadelobispo.com\/fr\/#\/schema\/logo\/image\/","url":"https:\/\/www.plazadelobispo.com\/wp-content\/uploads\/2023\/07\/logo-color-1.png","contentUrl":"https:\/\/www.plazadelobispo.com\/wp-content\/uploads\/2023\/07\/logo-color-1.png","width":400,"height":72,"caption":"L' Experience"},"image":{"@id":"https:\/\/www.plazadelobispo.com\/fr\/#\/schema\/logo\/image\/"}}]}},"_links":{"self":[{"href":"https:\/\/www.plazadelobispo.com\/fr\/wp-json\/wp\/v2\/pages\/635","targetHints":{"allow":["GET"]}}],"collection":[{"href":"https:\/\/www.plazadelobispo.com\/fr\/wp-json\/wp\/v2\/pages"}],"about":[{"href":"https:\/\/www.plazadelobispo.com\/fr\/wp-json\/wp\/v2\/types\/page"}],"author":[{"embeddable":true,"href":"https:\/\/www.plazadelobispo.com\/fr\/wp-json\/wp\/v2\/users\/1"}],"replies":[{"embeddable":true,"href":"https:\/\/www.plazadelobispo.com\/fr\/wp-json\/wp\/v2\/comments?post=635"}],"version-history":[{"count":10,"href":"https:\/\/www.plazadelobispo.com\/fr\/wp-json\/wp\/v2\/pages\/635\/revisions"}],"predecessor-version":[{"id":2220,"href":"https:\/\/www.plazadelobispo.com\/fr\/wp-json\/wp\/v2\/pages\/635\/revisions\/2220"}],"wp:attachment":[{"href":"https:\/\/www.plazadelobispo.com\/fr\/wp-json\/wp\/v2\/media?parent=635"}],"curies":[{"name":"wp","href":"https:\/\/api.w.org\/{rel}","templated":true}]}}