{"id":641,"date":"2024-02-20T12:29:58","date_gmt":"2024-02-20T10:29:58","guid":{"rendered":"https:\/\/www.plazadelobispo.com\/reservation-de-table\/"},"modified":"2024-03-06T12:07:10","modified_gmt":"2024-03-06T10:07:10","slug":"reservation-de-table","status":"publish","type":"page","link":"https:\/\/www.plazadelobispo.com\/fr\/reservation-de-table\/","title":{"rendered":"R\u00e9servation de table"},"content":{"rendered":"<section class=\"l-section wpb_row height_medium\"><div class=\"l-section-h i-cf\"><div class=\"g-cols vc_row via_flex valign_top type_default stacking_default\"><div class=\"vc_col-sm-12 wpb_column vc_column_container\"><div class=\"vc_column-inner\"><div class=\"wpb_wrapper\"><div class=\"w-html\"><script type=\"text\/javascript\" src=\"https:\/\/www.covermanager.com\/js\/iframeResizer.min.js\"><\/script>\n<iframe loading=\"lazy\" id=\"restaurante-leexperience\" style=\"border-radius: 0.5rem;\" title=\"Reservas\" src=\"https:\/\/www.covermanager.com\/reserve\/module_restaurant\/restaurante-leexperience\/french\" width=\"100%\" height=\"1300px\" frameborder=\"0\"><\/iframe><\/div><\/div><\/div><\/div><\/div><\/div><\/section>\n","protected":false},"excerpt":{"rendered":"","protected":false},"author":1,"featured_media":0,"parent":0,"menu_order":0,"comment_status":"closed","ping_status":"closed","template":"","meta":{"footnotes":""},"class_list":["post-641","page","type-page","status-publish","hentry"],"yoast_head":"<!-- This site is optimized with the Yoast SEO plugin v27.4 - https:\/\/yoast.com\/product\/yoast-seo-wordpress\/ -->\n<title>R\u00e9server une table | Faire une r\u00e9servation | L&#039;Experience<\/title>\n<meta name=\"description\" content=\"Pr\u00eat \u00e0 d\u00e9guster un d\u00e9licieux repas devant la cath\u00e9drale de Malaga ? R\u00e9servez d\u00e8s maintenant dans notre restaurant et garantissez votre table.\" \/>\n<meta name=\"robots\" content=\"index, follow, max-snippet:-1, max-image-preview:large, max-video-preview:-1\" \/>\n<link rel=\"canonical\" href=\"https:\/\/www.plazadelobispo.com\/fr\/reservation-de-table\/\" \/>\n<meta property=\"og:locale\" content=\"fr_FR\" \/>\n<meta property=\"og:type\" content=\"article\" \/>\n<meta property=\"og:title\" content=\"R\u00e9server une table | Faire une r\u00e9servation | L&#039;Experience\" \/>\n<meta property=\"og:description\" content=\"Pr\u00eat \u00e0 d\u00e9guster un d\u00e9licieux repas devant la cath\u00e9drale de Malaga ? R\u00e9servez d\u00e8s maintenant dans notre restaurant et garantissez votre table.\" \/>\n<meta property=\"og:url\" content=\"https:\/\/www.plazadelobispo.com\/fr\/reservation-de-table\/\" \/>\n<meta property=\"og:site_name\" content=\"L&#039; Experience\" \/>\n<meta property=\"article:modified_time\" content=\"2024-03-06T10:07:10+00:00\" \/>\n<meta name=\"twitter:card\" content=\"summary_large_image\" \/>\n<meta name=\"twitter:label1\" content=\"Dur\u00e9e de lecture estim\u00e9e\" \/>\n\t<meta name=\"twitter:data1\" content=\"1 minute\" \/>\n<script type=\"application\/ld+json\" class=\"yoast-schema-graph\">{\"@context\":\"https:\\\/\\\/schema.org\",\"@graph\":[{\"@type\":\"WebPage\",\"@id\":\"https:\\\/\\\/www.plazadelobispo.com\\\/fr\\\/reservation-de-table\\\/\",\"url\":\"https:\\\/\\\/www.plazadelobispo.com\\\/fr\\\/reservation-de-table\\\/\",\"name\":\"R\u00e9server une table | Faire une r\u00e9servation | L'Experience\",\"isPartOf\":{\"@id\":\"https:\\\/\\\/www.plazadelobispo.com\\\/fr\\\/#website\"},\"datePublished\":\"2024-02-20T10:29:58+00:00\",\"dateModified\":\"2024-03-06T10:07:10+00:00\",\"description\":\"Pr\u00eat \u00e0 d\u00e9guster un d\u00e9licieux repas devant la cath\u00e9drale de Malaga ? R\u00e9servez d\u00e8s maintenant dans notre restaurant et garantissez votre table.\",\"breadcrumb\":{\"@id\":\"https:\\\/\\\/www.plazadelobispo.com\\\/fr\\\/reservation-de-table\\\/#breadcrumb\"},\"inLanguage\":\"fr-FR\",\"potentialAction\":[{\"@type\":\"ReadAction\",\"target\":[\"https:\\\/\\\/www.plazadelobispo.com\\\/fr\\\/reservation-de-table\\\/\"]}]},{\"@type\":\"BreadcrumbList\",\"@id\":\"https:\\\/\\\/www.plazadelobispo.com\\\/fr\\\/reservation-de-table\\\/#breadcrumb\",\"itemListElement\":[{\"@type\":\"ListItem\",\"position\":1,\"name\":\"Portada\",\"item\":\"https:\\\/\\\/www.plazadelobispo.com\\\/fr\\\/\"},{\"@type\":\"ListItem\",\"position\":2,\"name\":\"R\u00e9servation de table\"}]},{\"@type\":\"WebSite\",\"@id\":\"https:\\\/\\\/www.plazadelobispo.com\\\/fr\\\/#website\",\"url\":\"https:\\\/\\\/www.plazadelobispo.com\\\/fr\\\/\",\"name\":\"L' Experience\",\"description\":\"\",\"publisher\":{\"@id\":\"https:\\\/\\\/www.plazadelobispo.com\\\/fr\\\/#organization\"},\"potentialAction\":[{\"@type\":\"SearchAction\",\"target\":{\"@type\":\"EntryPoint\",\"urlTemplate\":\"https:\\\/\\\/www.plazadelobispo.com\\\/fr\\\/?s={search_term_string}\"},\"query-input\":{\"@type\":\"PropertyValueSpecification\",\"valueRequired\":true,\"valueName\":\"search_term_string\"}}],\"inLanguage\":\"fr-FR\"},{\"@type\":\"Organization\",\"@id\":\"https:\\\/\\\/www.plazadelobispo.com\\\/fr\\\/#organization\",\"name\":\"L' Experience\",\"url\":\"https:\\\/\\\/www.plazadelobispo.com\\\/fr\\\/\",\"logo\":{\"@type\":\"ImageObject\",\"inLanguage\":\"fr-FR\",\"@id\":\"https:\\\/\\\/www.plazadelobispo.com\\\/fr\\\/#\\\/schema\\\/logo\\\/image\\\/\",\"url\":\"https:\\\/\\\/www.plazadelobispo.com\\\/wp-content\\\/uploads\\\/2023\\\/07\\\/logo-color-1.png\",\"contentUrl\":\"https:\\\/\\\/www.plazadelobispo.com\\\/wp-content\\\/uploads\\\/2023\\\/07\\\/logo-color-1.png\",\"width\":400,\"height\":72,\"caption\":\"L' Experience\"},\"image\":{\"@id\":\"https:\\\/\\\/www.plazadelobispo.com\\\/fr\\\/#\\\/schema\\\/logo\\\/image\\\/\"}}]}<\/script>\n<!-- \/ Yoast SEO plugin. -->","yoast_head_json":{"title":"R\u00e9server une table | Faire une r\u00e9servation | L'Experience","description":"Pr\u00eat \u00e0 d\u00e9guster un d\u00e9licieux repas devant la cath\u00e9drale de Malaga ? R\u00e9servez d\u00e8s maintenant dans notre restaurant et garantissez votre table.","robots":{"index":"index","follow":"follow","max-snippet":"max-snippet:-1","max-image-preview":"max-image-preview:large","max-video-preview":"max-video-preview:-1"},"canonical":"https:\/\/www.plazadelobispo.com\/fr\/reservation-de-table\/","og_locale":"fr_FR","og_type":"article","og_title":"R\u00e9server une table | Faire une r\u00e9servation | L'Experience","og_description":"Pr\u00eat \u00e0 d\u00e9guster un d\u00e9licieux repas devant la cath\u00e9drale de Malaga ? R\u00e9servez d\u00e8s maintenant dans notre restaurant et garantissez votre table.","og_url":"https:\/\/www.plazadelobispo.com\/fr\/reservation-de-table\/","og_site_name":"L&#039; Experience","article_modified_time":"2024-03-06T10:07:10+00:00","twitter_card":"summary_large_image","twitter_misc":{"Dur\u00e9e de lecture estim\u00e9e":"1 minute"},"schema":{"@context":"https:\/\/schema.org","@graph":[{"@type":"WebPage","@id":"https:\/\/www.plazadelobispo.com\/fr\/reservation-de-table\/","url":"https:\/\/www.plazadelobispo.com\/fr\/reservation-de-table\/","name":"R\u00e9server une table | Faire une r\u00e9servation | L'Experience","isPartOf":{"@id":"https:\/\/www.plazadelobispo.com\/fr\/#website"},"datePublished":"2024-02-20T10:29:58+00:00","dateModified":"2024-03-06T10:07:10+00:00","description":"Pr\u00eat \u00e0 d\u00e9guster un d\u00e9licieux repas devant la cath\u00e9drale de Malaga ? R\u00e9servez d\u00e8s maintenant dans notre restaurant et garantissez votre table.","breadcrumb":{"@id":"https:\/\/www.plazadelobispo.com\/fr\/reservation-de-table\/#breadcrumb"},"inLanguage":"fr-FR","potentialAction":[{"@type":"ReadAction","target":["https:\/\/www.plazadelobispo.com\/fr\/reservation-de-table\/"]}]},{"@type":"BreadcrumbList","@id":"https:\/\/www.plazadelobispo.com\/fr\/reservation-de-table\/#breadcrumb","itemListElement":[{"@type":"ListItem","position":1,"name":"Portada","item":"https:\/\/www.plazadelobispo.com\/fr\/"},{"@type":"ListItem","position":2,"name":"R\u00e9servation de table"}]},{"@type":"WebSite","@id":"https:\/\/www.plazadelobispo.com\/fr\/#website","url":"https:\/\/www.plazadelobispo.com\/fr\/","name":"L' Experience","description":"","publisher":{"@id":"https:\/\/www.plazadelobispo.com\/fr\/#organization"},"potentialAction":[{"@type":"SearchAction","target":{"@type":"EntryPoint","urlTemplate":"https:\/\/www.plazadelobispo.com\/fr\/?s={search_term_string}"},"query-input":{"@type":"PropertyValueSpecification","valueRequired":true,"valueName":"search_term_string"}}],"inLanguage":"fr-FR"},{"@type":"Organization","@id":"https:\/\/www.plazadelobispo.com\/fr\/#organization","name":"L' Experience","url":"https:\/\/www.plazadelobispo.com\/fr\/","logo":{"@type":"ImageObject","inLanguage":"fr-FR","@id":"https:\/\/www.plazadelobispo.com\/fr\/#\/schema\/logo\/image\/","url":"https:\/\/www.plazadelobispo.com\/wp-content\/uploads\/2023\/07\/logo-color-1.png","contentUrl":"https:\/\/www.plazadelobispo.com\/wp-content\/uploads\/2023\/07\/logo-color-1.png","width":400,"height":72,"caption":"L' Experience"},"image":{"@id":"https:\/\/www.plazadelobispo.com\/fr\/#\/schema\/logo\/image\/"}}]}},"_links":{"self":[{"href":"https:\/\/www.plazadelobispo.com\/fr\/wp-json\/wp\/v2\/pages\/641","targetHints":{"allow":["GET"]}}],"collection":[{"href":"https:\/\/www.plazadelobispo.com\/fr\/wp-json\/wp\/v2\/pages"}],"about":[{"href":"https:\/\/www.plazadelobispo.com\/fr\/wp-json\/wp\/v2\/types\/page"}],"author":[{"embeddable":true,"href":"https:\/\/www.plazadelobispo.com\/fr\/wp-json\/wp\/v2\/users\/1"}],"replies":[{"embeddable":true,"href":"https:\/\/www.plazadelobispo.com\/fr\/wp-json\/wp\/v2\/comments?post=641"}],"version-history":[{"count":3,"href":"https:\/\/www.plazadelobispo.com\/fr\/wp-json\/wp\/v2\/pages\/641\/revisions"}],"predecessor-version":[{"id":831,"href":"https:\/\/www.plazadelobispo.com\/fr\/wp-json\/wp\/v2\/pages\/641\/revisions\/831"}],"wp:attachment":[{"href":"https:\/\/www.plazadelobispo.com\/fr\/wp-json\/wp\/v2\/media?parent=641"}],"curies":[{"name":"wp","href":"https:\/\/api.w.org\/{rel}","templated":true}]}}