{"id":646,"date":"2022-09-30T10:24:42","date_gmt":"2022-09-30T08:24:42","guid":{"rendered":"https:\/\/www.plazadelobispo.com\/politique-de-confidentialite\/"},"modified":"2024-03-06T09:07:43","modified_gmt":"2024-03-06T07:07:43","slug":"politique-de-confidentialite","status":"publish","type":"page","link":"https:\/\/www.plazadelobispo.com\/fr\/politique-de-confidentialite\/","title":{"rendered":"Politique de confidentialit\u00e9"},"content":{"rendered":"<section class=\"l-section wpb_row height_medium\"><div class=\"l-section-h i-cf\"><div class=\"g-cols vc_row via_flex valign_top type_default stacking_default\"><div class=\"vc_col-sm-12 wpb_column vc_column_container\"><div class=\"vc_column-inner\"><div class=\"wpb_wrapper\">[vc_custom_heading text=\u00a0\u00bbPolitique de confidentialit\u00e9\u00a0\u00bb font_container=\u00a0\u00bbtag:h1|text_align:left\u00a0\u00bb use_theme_fonts=\u00a0\u00bbyes\u00a0\u00bb]<div class=\"wpb_text_column\"><div class=\"wpb_wrapper\"><p><strong>Informations sur notre politique de protection des donn\u00e9es et de la vie priv\u00e9e :<\/strong><\/p>\n<p>L&rsquo;Experience SL respecte les obligations impos\u00e9es par le r\u00e8glement (UE) 2016\/679 du Parlement europ\u00e9en et du Conseil du 27 avril 2016 sur la protection des personnes physiques et la loi organique 3\/2018 du 5 d\u00e9cembre sur la protection des donn\u00e9es personnelles et la garantie des droits num\u00e9riques, en ce qui concerne le traitement des donn\u00e9es personnelles et d&rsquo;autres lois applicables, ainsi que la r\u00e9glementation en vigueur \u00e0 tout moment qui peut \u00eatre applicable, garantissant le respect de toutes les obligations et de tous les droits des personnes concern\u00e9es en ce qui concerne le traitement des donn\u00e9es personnelles. De m\u00eame, conform\u00e9ment aux dispositions de la loi 34\/2002, du 11 juillet, sur les services de la soci\u00e9t\u00e9 de l&rsquo;information et le commerce \u00e9lectronique, L&rsquo;Experience SL demandera le consentement pr\u00e9alable de l&rsquo;utilisateur pour l&rsquo;envoi de communications commerciales, dans le cas o\u00f9 celles-ci auraient lieu, en respectant \u00e9galement toutes les obligations et tous les droits des utilisateurs.<\/p>\n<p>En vertu de ce qui pr\u00e9c\u00e8de, les utilisateurs qui souhaitent utiliser les diff\u00e9rents services offerts par L&rsquo;Experience SL seront inform\u00e9s des informations correspondant \u00e0 l&rsquo;identification du responsable du fichier, des finalit\u00e9s du traitement de leurs donn\u00e9es, ainsi que de la possibilit\u00e9 d&rsquo;exercer leurs droits d&rsquo;acc\u00e8s, de rectification, d&rsquo;annulation et d&rsquo;opposition aupr\u00e8s du responsable du fichier, le tout en lisant et en acceptant au pr\u00e9alable la politique de confidentialit\u00e9 de l&rsquo;entit\u00e9, d\u00fbment inform\u00e9e.<\/p>\n<h2 class=\"western\">1. le responsable du traitement des donn\u00e9es<\/h2>\n<p><strong>L&rsquo;Experience SL<\/strong><br \/>\nNUM\u00c9RO DE TVA : B93193928<br \/>\nTlf : 952 60 87 84<br \/>\nPlaza del Obispo, 4, 29015, M\u00e1laga<br \/>\nCourriel : administracion@plazadelobispo.com<\/p>\n<h2 class=\"western\">2. la finalit\u00e9 du traitement des donn\u00e9es<\/h2>\n<p>La finalit\u00e9 principale du traitement de vos donn\u00e9es personnelles correspond \u00e0 la possibilit\u00e9 d&rsquo;\u00e9tablir des communications avec vous afin de r\u00e9pondre \u00e0 votre demande de contact par le formulaire pr\u00e9vu \u00e0 cet effet, ou de r\u00e9pondre \u00e0 la relation d&rsquo;affaires que vous sollicitez. Vos donn\u00e9es personnelles seront conserv\u00e9es pour traitement dans nos syst\u00e8mes tant que la relation avec notre soci\u00e9t\u00e9 sera maintenue.<\/p>\n<p>En outre, si vous l&rsquo;avez express\u00e9ment autoris\u00e9, vos donn\u00e9es seront trait\u00e9es afin de vous envoyer, par tout moyen, y compris \u00e9lectronique, des communications commerciales vous informant sur les diff\u00e9rents produits et\/ou services offerts par L&rsquo;Experience SL.<\/p>\n<p>Vous pouvez r\u00e9voquer les consentements accord\u00e9s sur simple demande en contactant L&rsquo;Experience SL \u00e0 l&rsquo;une des adresses vis\u00e9es au point 1 de la pr\u00e9sente clause, dans laquelle sont indiqu\u00e9es les coordonn\u00e9es de l&rsquo;entit\u00e9.<\/p>\n<h2 class=\"western\">3. L\u00e9gitimation du traitement de vos donn\u00e9es<\/h2>\n<p>Le traitement de vos donn\u00e9es pour la finalit\u00e9 principale est l\u00e9gitim\u00e9 sur la base de la relation contractuelle \u00e9tablie entre les parties, et pour la finalit\u00e9 compl\u00e9mentaire sur le consentement donn\u00e9 par vous en utilisant les formulaires de contact pr\u00e9vus \u00e0 cet effet par L&rsquo;Experience SL, pour lesquels vous devez nous avoir fourni les donn\u00e9es requises dans les champs obligatoires, c&rsquo;est-\u00e0-dire votre identification et vos coordonn\u00e9es, sans lesquelles nous ne pourrons pas traiter votre demande.<\/p>\n<p>En nous fournissant vos coordonn\u00e9es, vous d\u00e9clarez que vous en \u00eates le propri\u00e9taire, qu&rsquo;elles sont v\u00e9ridiques et parfaitement \u00e0 jour. Les donn\u00e9es collect\u00e9es dans le formulaire sont ad\u00e9quates, pertinentes et non excessives au regard des finalit\u00e9s pour lesquelles elles sont trait\u00e9es, comme indiqu\u00e9 au point 2 de la pr\u00e9sente clause. De m\u00eame, L&rsquo;Experience SL annulera ou rectifiera les donn\u00e9es lorsqu&rsquo;elles sont inexactes, incompl\u00e8tes ou qu&rsquo;elles ne sont plus n\u00e9cessaires ou pertinentes au regard de leur finalit\u00e9.<\/p>\n<p>En vertu de ce qui pr\u00e9c\u00e8de, les donn\u00e9es seront conserv\u00e9es pour traitement dans nos syst\u00e8mes tant que cette relation est maintenue pour la finalit\u00e9 indiqu\u00e9e ou pour des raisons l\u00e9gitimes imp\u00e9rieuses, ou pour l&rsquo;exercice ou la d\u00e9fense d&rsquo;\u00e9ventuelles r\u00e9clamations. Une fois que l&rsquo;obligation de conservation a cess\u00e9, vos donn\u00e9es peuvent \u00eatre supprim\u00e9es de notre base de donn\u00e9es ou, le cas \u00e9ch\u00e9ant, rendues anonymes.<\/p>\n<p>Le traitement des donn\u00e9es dans le but d&rsquo;envoyer des lettres d&rsquo;information \u00e9lectroniques sur les services, les \u00e9v\u00e9nements et les nouvelles li\u00e9s \u00e0 notre activit\u00e9 professionnelle, est bas\u00e9 sur l&rsquo;int\u00e9r\u00eat l\u00e9gitime de L&rsquo;Experience SL \u00e0 effectuer ce traitement conform\u00e9ment \u00e0 la r\u00e9glementation en vigueur. Vos donn\u00e9es seront conserv\u00e9es aussi longtemps que la relation commerciale existe, que votre int\u00e9r\u00eat existe et qu&rsquo;il n&rsquo;y a pas de r\u00e9vocation de votre part.<\/p>\n<h2 class=\"western\">4. Destinataires de vos donn\u00e9es<\/h2>\n<p>Il peut y avoir des transferts entre les entit\u00e9s d\u00e9tenues par L&rsquo;Experience SL dans l&rsquo;int\u00e9r\u00eat l\u00e9gitime de l&rsquo;entreprise, afin de fournir les services demand\u00e9s. Aucune donn\u00e9e n&rsquo;est transmise \u00e0 des tiers, sauf en cas d&rsquo;obligation l\u00e9gale. Aucun transfert international de donn\u00e9es n&rsquo;aura lieu, \u00e0 l&rsquo;exception du fait que L&rsquo;Experience SL peut faire appel aux services de fournisseurs situ\u00e9s dans des pays tiers, sous r\u00e9serve du respect de toutes les exigences \u00e9tablies par la r\u00e9glementation en mati\u00e8re de protection des donn\u00e9es et de l&rsquo;application des garanties et des mesures de protection n\u00e9cessaires pour pr\u00e9server la confidentialit\u00e9 des donn\u00e9es. Pour plus d&rsquo;informations sur les garanties en mati\u00e8re de protection de la vie priv\u00e9e, vous pouvez nous contacter aux adresses indiqu\u00e9es au point 1.<\/p>\n<h2 class=\"western\">5. Droits des personnes concern\u00e9es<\/h2>\n<p>Apr\u00e8s nous avoir fourni vos donn\u00e9es personnelles, nous vous informons des droits que vous pouvez exercer \u00e0 l&rsquo;encontre de L&rsquo;Experience SL aux adresses mises \u00e0 votre disposition au point 1 de la pr\u00e9sente clause, et dont vous b\u00e9n\u00e9ficiez :<\/p>\n<p>Vous avez le droit d&rsquo;acc\u00e9der \u00e0 toutes les donn\u00e9es personnelles d\u00e9tenues par L&rsquo;Experience SL, ainsi que de demander leur modification ou leur suppression.<\/p>\n<p>Vous pouvez nous demander de limiter le traitement de vos donn\u00e9es, auquel cas nous ne les conserverons que dans le but de poursuivre ou de d\u00e9fendre des r\u00e9clamations.<\/p>\n<p>Vous pouvez vous opposer au traitement de vos donn\u00e9es personnelles, de sorte que L&rsquo;Experience SL cessera de traiter vos donn\u00e9es, sauf pour des raisons l\u00e9gitimes imp\u00e9rieuses, ou pour l&rsquo;exercice ou la d\u00e9fense d&rsquo;\u00e9ventuelles r\u00e9clamations.<\/p>\n<p>Vous pouvez demander la portabilit\u00e9 de vos donn\u00e9es \u00e0 caract\u00e8re personnel, auquel cas nous vous enverrons les donn\u00e9es \u00e0 caract\u00e8re personnel conserv\u00e9es dans nos bases de donn\u00e9es par courrier \u00e9lectronique \u00e0 l&rsquo;adresse que vous avez indiqu\u00e9e dans votre demande, dans un format texte, lisible et adaptable aux besoins de tout autre responsable du traitement, ou nous les transmettrons au nouveau responsable du traitement dans le m\u00eame format, \u00e0 l&rsquo;adresse \u00e9lectronique que vous avez indiqu\u00e9e dans votre demande.<\/p>\n<p>Vous avez le droit de ne pas faire l&rsquo;objet d&rsquo;une d\u00e9cision fond\u00e9e exclusivement sur un traitement automatis\u00e9 de donn\u00e9es, y compris le profilage.<\/p>\n<p>Vous pouvez \u00e9galement retirer ou r\u00e9voquer tout consentement que vous avez express\u00e9ment donn\u00e9 en l&rsquo;indiquant dans votre demande.<\/p>\n<p>Les droits des personnes concern\u00e9es peuvent \u00eatre exerc\u00e9s directement par l&rsquo;int\u00e9ress\u00e9, en fournissant une photocopie de sa carte d&rsquo;identit\u00e9 ou d&rsquo;un document \u00e9quivalent, afin de prouver son identit\u00e9, ou par repr\u00e9sentation l\u00e9gale ou volontaire, auquel cas, en plus d&rsquo;une photocopie de la carte d&rsquo;identit\u00e9 ou d&rsquo;un document \u00e9quivalent de l&rsquo;int\u00e9ress\u00e9, le document authentique prouvant la repr\u00e9sentation du tiers doit \u00eatre fourni avec une photocopie de sa carte d&rsquo;identit\u00e9 ou d&rsquo;un document \u00e9quivalent.<\/p>\n<h2 class=\"western\">6. Plaintes<\/h2>\n<p>Si vous consid\u00e9rez que le traitement de vos donn\u00e9es personnelles viole la r\u00e9glementation ou les dispositions de la pr\u00e9sente clause, vous pouvez d\u00e9poser une plainte aupr\u00e8s de l&rsquo;Agence espagnole de protection des donn\u00e9es, qui est l&rsquo;autorit\u00e9 de contr\u00f4le comp\u00e9tente pour la protection de vos donn\u00e9es personnelles, par l&rsquo;interm\u00e9diaire de son si\u00e8ge \u00e9lectronique ou de son adresse postale, qui peuvent \u00eatre consult\u00e9s sur le site Web www.agpd.es.<\/p>\n<p>*** Si vous n&rsquo;\u00eates pas d&rsquo;accord avec les consid\u00e9rations d\u00e9taill\u00e9es dans la pr\u00e9sente politique de confidentialit\u00e9, veuillez ne pas utiliser le portail, car toute utilisation que vous faites de celui-ci ou des services et contenus qu&rsquo;il contient implique votre acceptation des conditions juridiques \u00e9nonc\u00e9es dans ce texte.<\/p>\n<p>Les conditions \u00e9nonc\u00e9es dans la pr\u00e9sente politique de confidentialit\u00e9 peuvent varier, c&rsquo;est pourquoi nous vous encourageons \u00e0 les consulter lorsque vous revenez sur le portail. De m\u00eame, la pr\u00e9sente politique de confidentialit\u00e9 s&rsquo;entend sans pr\u00e9judice des autres conditions g\u00e9n\u00e9rales et des conditions sp\u00e9cifiques qui r\u00e9gissent l&rsquo;acc\u00e8s \u00e0 des contenus et \u00e0 des services particuliers sur le portail.<\/p>\n<p>L&rsquo;utilisateur reconna\u00eet et accepte les conditions d&rsquo;utilisation du portail et s&rsquo;engage \u00e0 l&rsquo;utiliser conform\u00e9ment \u00e0 celles-ci. De m\u00eame, faire un usage appropri\u00e9 des services et des contenus du portail et ne pas les utiliser pour des activit\u00e9s criminelles ou illicites.<\/p>\n<p>L&rsquo;Experience SL peut utiliser des cookies lorsqu&rsquo;un utilisateur navigue sur ses sites et pages web. Vous pouvez consulter notre <a href=\"https:\/\/www.plazadelobispo.com\/fr\/?page_id=597\">politique en mati\u00e8re de cookies<\/a>.<\/p>\n<\/div><\/div><\/div><\/div><\/div><\/div><\/div><\/section>\n","protected":false},"excerpt":{"rendered":"[vc_custom_heading text=\"Politique de confidentialit\u00e9\" font_container=\"tag:h1|text_align:left\" use_theme_fonts=\"yes\"]Informations sur notre politique de protection des donn\u00e9es et de la vie priv\u00e9e : L&rsquo;Experience SL respecte les obligations impos\u00e9es par le r\u00e8glement (UE) 2016\/679 du Parlement europ\u00e9en et du Conseil du 27 avril 2016 sur la protection des personnes physiques et la loi organique 3\/2018 du 5 d\u00e9cembre sur...","protected":false},"author":1,"featured_media":0,"parent":0,"menu_order":0,"comment_status":"closed","ping_status":"open","template":"","meta":{"footnotes":""},"class_list":["post-646","page","type-page","status-publish","hentry"],"yoast_head":"<!-- This site is optimized with the Yoast SEO plugin v27.4 - https:\/\/yoast.com\/product\/yoast-seo-wordpress\/ -->\n<title>Politique de confidentialit\u00e9 - L&#039; Experience<\/title>\n<meta name=\"robots\" content=\"noindex, follow\" \/>\n<meta property=\"og:locale\" content=\"fr_FR\" \/>\n<meta property=\"og:type\" content=\"article\" \/>\n<meta property=\"og:title\" content=\"Politique de confidentialit\u00e9 - L&#039; Experience\" \/>\n<meta property=\"og:url\" content=\"https:\/\/www.plazadelobispo.com\/fr\/politique-de-confidentialite\/\" \/>\n<meta property=\"og:site_name\" content=\"L&#039; Experience\" \/>\n<meta property=\"article:modified_time\" content=\"2024-03-06T07:07:43+00:00\" \/>\n<meta name=\"twitter:card\" content=\"summary_large_image\" \/>\n<meta name=\"twitter:label1\" content=\"Dur\u00e9e de lecture estim\u00e9e\" \/>\n\t<meta name=\"twitter:data1\" content=\"8 minutes\" \/>\n<script type=\"application\/ld+json\" class=\"yoast-schema-graph\">{\"@context\":\"https:\\\/\\\/schema.org\",\"@graph\":[{\"@type\":\"WebPage\",\"@id\":\"https:\\\/\\\/www.plazadelobispo.com\\\/fr\\\/politique-de-confidentialite\\\/\",\"url\":\"https:\\\/\\\/www.plazadelobispo.com\\\/fr\\\/politique-de-confidentialite\\\/\",\"name\":\"Politique de confidentialit\u00e9 - L&#039; Experience\",\"isPartOf\":{\"@id\":\"https:\\\/\\\/www.plazadelobispo.com\\\/fr\\\/#website\"},\"datePublished\":\"2022-09-30T08:24:42+00:00\",\"dateModified\":\"2024-03-06T07:07:43+00:00\",\"breadcrumb\":{\"@id\":\"https:\\\/\\\/www.plazadelobispo.com\\\/fr\\\/politique-de-confidentialite\\\/#breadcrumb\"},\"inLanguage\":\"fr-FR\",\"potentialAction\":[{\"@type\":\"ReadAction\",\"target\":[\"https:\\\/\\\/www.plazadelobispo.com\\\/fr\\\/politique-de-confidentialite\\\/\"]}]},{\"@type\":\"BreadcrumbList\",\"@id\":\"https:\\\/\\\/www.plazadelobispo.com\\\/fr\\\/politique-de-confidentialite\\\/#breadcrumb\",\"itemListElement\":[{\"@type\":\"ListItem\",\"position\":1,\"name\":\"Portada\",\"item\":\"https:\\\/\\\/www.plazadelobispo.com\\\/fr\\\/\"},{\"@type\":\"ListItem\",\"position\":2,\"name\":\"Politique de confidentialit\u00e9\"}]},{\"@type\":\"WebSite\",\"@id\":\"https:\\\/\\\/www.plazadelobispo.com\\\/fr\\\/#website\",\"url\":\"https:\\\/\\\/www.plazadelobispo.com\\\/fr\\\/\",\"name\":\"L' Experience\",\"description\":\"\",\"publisher\":{\"@id\":\"https:\\\/\\\/www.plazadelobispo.com\\\/fr\\\/#organization\"},\"potentialAction\":[{\"@type\":\"SearchAction\",\"target\":{\"@type\":\"EntryPoint\",\"urlTemplate\":\"https:\\\/\\\/www.plazadelobispo.com\\\/fr\\\/?s={search_term_string}\"},\"query-input\":{\"@type\":\"PropertyValueSpecification\",\"valueRequired\":true,\"valueName\":\"search_term_string\"}}],\"inLanguage\":\"fr-FR\"},{\"@type\":\"Organization\",\"@id\":\"https:\\\/\\\/www.plazadelobispo.com\\\/fr\\\/#organization\",\"name\":\"L' Experience\",\"url\":\"https:\\\/\\\/www.plazadelobispo.com\\\/fr\\\/\",\"logo\":{\"@type\":\"ImageObject\",\"inLanguage\":\"fr-FR\",\"@id\":\"https:\\\/\\\/www.plazadelobispo.com\\\/fr\\\/#\\\/schema\\\/logo\\\/image\\\/\",\"url\":\"https:\\\/\\\/www.plazadelobispo.com\\\/wp-content\\\/uploads\\\/2023\\\/07\\\/logo-color-1.png\",\"contentUrl\":\"https:\\\/\\\/www.plazadelobispo.com\\\/wp-content\\\/uploads\\\/2023\\\/07\\\/logo-color-1.png\",\"width\":400,\"height\":72,\"caption\":\"L' Experience\"},\"image\":{\"@id\":\"https:\\\/\\\/www.plazadelobispo.com\\\/fr\\\/#\\\/schema\\\/logo\\\/image\\\/\"}}]}<\/script>\n<!-- \/ Yoast SEO plugin. -->","yoast_head_json":{"title":"Politique de confidentialit\u00e9 - L&#039; Experience","robots":{"index":"noindex","follow":"follow"},"og_locale":"fr_FR","og_type":"article","og_title":"Politique de confidentialit\u00e9 - L&#039; Experience","og_url":"https:\/\/www.plazadelobispo.com\/fr\/politique-de-confidentialite\/","og_site_name":"L&#039; Experience","article_modified_time":"2024-03-06T07:07:43+00:00","twitter_card":"summary_large_image","twitter_misc":{"Dur\u00e9e de lecture estim\u00e9e":"8 minutes"},"schema":{"@context":"https:\/\/schema.org","@graph":[{"@type":"WebPage","@id":"https:\/\/www.plazadelobispo.com\/fr\/politique-de-confidentialite\/","url":"https:\/\/www.plazadelobispo.com\/fr\/politique-de-confidentialite\/","name":"Politique de confidentialit\u00e9 - L&#039; Experience","isPartOf":{"@id":"https:\/\/www.plazadelobispo.com\/fr\/#website"},"datePublished":"2022-09-30T08:24:42+00:00","dateModified":"2024-03-06T07:07:43+00:00","breadcrumb":{"@id":"https:\/\/www.plazadelobispo.com\/fr\/politique-de-confidentialite\/#breadcrumb"},"inLanguage":"fr-FR","potentialAction":[{"@type":"ReadAction","target":["https:\/\/www.plazadelobispo.com\/fr\/politique-de-confidentialite\/"]}]},{"@type":"BreadcrumbList","@id":"https:\/\/www.plazadelobispo.com\/fr\/politique-de-confidentialite\/#breadcrumb","itemListElement":[{"@type":"ListItem","position":1,"name":"Portada","item":"https:\/\/www.plazadelobispo.com\/fr\/"},{"@type":"ListItem","position":2,"name":"Politique de confidentialit\u00e9"}]},{"@type":"WebSite","@id":"https:\/\/www.plazadelobispo.com\/fr\/#website","url":"https:\/\/www.plazadelobispo.com\/fr\/","name":"L' Experience","description":"","publisher":{"@id":"https:\/\/www.plazadelobispo.com\/fr\/#organization"},"potentialAction":[{"@type":"SearchAction","target":{"@type":"EntryPoint","urlTemplate":"https:\/\/www.plazadelobispo.com\/fr\/?s={search_term_string}"},"query-input":{"@type":"PropertyValueSpecification","valueRequired":true,"valueName":"search_term_string"}}],"inLanguage":"fr-FR"},{"@type":"Organization","@id":"https:\/\/www.plazadelobispo.com\/fr\/#organization","name":"L' Experience","url":"https:\/\/www.plazadelobispo.com\/fr\/","logo":{"@type":"ImageObject","inLanguage":"fr-FR","@id":"https:\/\/www.plazadelobispo.com\/fr\/#\/schema\/logo\/image\/","url":"https:\/\/www.plazadelobispo.com\/wp-content\/uploads\/2023\/07\/logo-color-1.png","contentUrl":"https:\/\/www.plazadelobispo.com\/wp-content\/uploads\/2023\/07\/logo-color-1.png","width":400,"height":72,"caption":"L' Experience"},"image":{"@id":"https:\/\/www.plazadelobispo.com\/fr\/#\/schema\/logo\/image\/"}}]}},"_links":{"self":[{"href":"https:\/\/www.plazadelobispo.com\/fr\/wp-json\/wp\/v2\/pages\/646","targetHints":{"allow":["GET"]}}],"collection":[{"href":"https:\/\/www.plazadelobispo.com\/fr\/wp-json\/wp\/v2\/pages"}],"about":[{"href":"https:\/\/www.plazadelobispo.com\/fr\/wp-json\/wp\/v2\/types\/page"}],"author":[{"embeddable":true,"href":"https:\/\/www.plazadelobispo.com\/fr\/wp-json\/wp\/v2\/users\/1"}],"replies":[{"embeddable":true,"href":"https:\/\/www.plazadelobispo.com\/fr\/wp-json\/wp\/v2\/comments?post=646"}],"version-history":[{"count":3,"href":"https:\/\/www.plazadelobispo.com\/fr\/wp-json\/wp\/v2\/pages\/646\/revisions"}],"predecessor-version":[{"id":653,"href":"https:\/\/www.plazadelobispo.com\/fr\/wp-json\/wp\/v2\/pages\/646\/revisions\/653"}],"wp:attachment":[{"href":"https:\/\/www.plazadelobispo.com\/fr\/wp-json\/wp\/v2\/media?parent=646"}],"curies":[{"name":"wp","href":"https:\/\/api.w.org\/{rel}","templated":true}]}}