{"id":679,"date":"2024-02-15T15:22:32","date_gmt":"2024-02-15T13:22:32","guid":{"rendered":"https:\/\/www.plazadelobispo.com\/menu-du-groupe\/"},"modified":"2024-10-10T00:03:17","modified_gmt":"2024-10-09T22:03:17","slug":"menu-du-groupe","status":"publish","type":"page","link":"https:\/\/www.plazadelobispo.com\/fr\/menu-du-groupe\/","title":{"rendered":"Menu du groupe"},"content":{"rendered":"<section class=\"l-section wpb_row us_custom_0e0db5fa height_medium full_height valign_top\"><div class=\"l-section-h i-cf\"><div class=\"g-cols vc_row via_flex valign_top type_default stacking_default\"><div class=\"vc_col-sm-5 wpb_column vc_column_container stretched\"><div class=\"vc_column-inner\"><div class=\"wpb_wrapper\"><div class=\"w-image has_ratio align_none\"><div class=\"w-image-h\"><div style=\"padding-bottom:122.2222%\"><\/div><img loading=\"lazy\" decoding=\"async\" width=\"611\" height=\"734\" src=\"https:\/\/www.plazadelobispo.com\/wp-content\/uploads\/2024\/02\/noche-014.jpg\" class=\"attachment-large size-large\" alt=\"\" \/><\/div><\/div><\/div><\/div><\/div><div class=\"vc_col-sm-7 wpb_column vc_column_container\"><div class=\"vc_column-inner us_custom_26830a40\"><div class=\"wpb_wrapper\"><div class=\"w-separator hide_on_tablets hide_on_mobiles size_huge\"><\/div>[vc_custom_heading text=\u00a0\u00bbLa vie a meilleur go\u00fbt lorsqu&rsquo;elle est partag\u00e9e\u00a0\u00bb font_container=\u00a0\u00bbtag:h1|text_align:left\u00a0\u00bb use_theme_fonts=\u00a0\u00bbyes\u00a0\u00bb]<div class=\"wpb_text_column\"><div class=\"wpb_wrapper\"><p><span data-sheets-root=\"1\" data-sheets-value=\"{\" data-sheets-userformat=\"{\">Exp\u00e9riences, saveurs et magie de notre ville<\/span><\/p>\n<\/div><\/div><div class=\"w-separator size_small\"><\/div><div class=\"w-image align_none\"><div class=\"w-image-h\"><img loading=\"lazy\" decoding=\"async\" width=\"9\" height=\"78\" src=\"https:\/\/www.plazadelobispo.com\/wp-content\/uploads\/2023\/12\/arrow.png\" class=\"attachment-large size-large\" alt=\"\" \/><\/div><\/div><\/div><\/div><\/div><\/div><\/div><\/section><section class=\"l-section wpb_row height_auto\"><div class=\"l-section-h i-cf\"><div class=\"g-cols vc_row via_flex valign_top type_default stacking_default\"><div class=\"vc_col-sm-12 wpb_column vc_column_container\"><div class=\"vc_column-inner\"><div class=\"wpb_wrapper\"><div class=\"g-cols wpb_row us_custom_0d0f0d2c via_flex valign_middle type_default stacking_default\" style=\"--additional-gap:1.5rem;\"><div class=\"vc_col-sm-8 wpb_column vc_column_container\"><div class=\"vc_column-inner\"><div class=\"wpb_wrapper\">[vc_custom_heading text=\u00a0\u00bbD\u00e9couvrez nos 4 MENUS DE GROUPE\u00a0\u00bb use_theme_fonts=\u00a0\u00bbyes\u00a0\u00bb]<div class=\"wpb_text_column us_custom_aab3a873\"><div class=\"wpb_wrapper\"><p>\u00ab\u00a0Chaque plat devient une exp\u00e9rience partag\u00e9e, enrichissant ces moments sp\u00e9ciaux qui m\u00e9ritent d&rsquo;\u00eatre c\u00e9l\u00e9br\u00e9s.<\/p>\n<p>Dans un cadre agr\u00e9able, confortable et \u00e9l\u00e9gant, avec une vue imprenable sur la cath\u00e9drale de Malaga, nous cr\u00e9ons le cadre parfait pour que chaque c\u00e9l\u00e9bration devienne une marque ind\u00e9l\u00e9bile. \u00ab\u00a0<\/p>\n<\/div><\/div><\/div><\/div><\/div><div class=\"vc_col-sm-4 wpb_column vc_column_container\"><div class=\"vc_column-inner\"><div class=\"wpb_wrapper\"><div class=\"w-btn-wrapper align_center\"><a class=\"w-btn us-btn-style_1\" id=\"button_gr\" target=\"_blank\" href=\"https:\/\/www.plazadelobispo.com\/wp-content\/uploads\/2024\/10\/Menus-Grupo-Lexperience-Ingles-2024.pdf\" rel=\"noopener\"><span class=\"w-btn-label\">NOS MENUS DE GROUPE<\/span><\/a><\/div><\/div><\/div><\/div><\/div><div class=\"w-image us_custom_ec534cd8 rotate invert align_right\"><div class=\"w-image-h\"><img loading=\"lazy\" decoding=\"async\" width=\"69\" height=\"91\" src=\"https:\/\/www.plazadelobispo.com\/wp-content\/uploads\/2023\/07\/Huella-1.png\" class=\"attachment-large size-large\" alt=\"Huella L&#039;experience\" \/><\/div><\/div><\/div><\/div><\/div><\/div><\/div><\/section><section class=\"l-section wpb_row height_medium\"><div class=\"l-section-h i-cf\"><div class=\"g-cols vc_row via_flex valign_top type_default stacking_default\"><div class=\"vc_col-sm-12 wpb_column vc_column_container\"><div class=\"vc_column-inner us_custom_c57a8d10\"><div class=\"wpb_wrapper\"><div class=\"g-cols wpb_row via_flex valign_middle type_default stacking_default\"><div class=\"vc_col-sm-7 wpb_column vc_column_container\"><div class=\"vc_column-inner\"><div class=\"wpb_wrapper\">[vc_custom_heading text=\u00a0\u00bbChoisissez votre menu et \u00e9crivez-nous.\u00a0\u00bb use_theme_fonts=\u00a0\u00bbyes\u00a0\u00bb css=\u00a0\u00bb%7B%22default%22%3A%7B%22font-size%22%3A%224rem%22%2C%22margin-bottom%22%3A%220.3em%22%7D%2C%22laptops%22%3A%7B%22font-size%22%3A%224rem%22%7D%2C%22tablets%22%3A%7B%22font-size%22%3A%223.5rem%22%7D%2C%22mobiles%22%3A%7B%22font-size%22%3A%223rem%22%7D%7D\u00a0\u00bb el_class=\u00a0\u00bbtitle-final\u00a0\u00bb]<div class=\"wpb_text_column us_custom_694099d2\"><div class=\"wpb_wrapper\"><p>Envoyez-nous un courriel : <a href=\"mailto:reservas@plazadelobispo.com\">reservas@plazadelobispo.com<\/a><\/p>\n<\/div><\/div><\/div><\/div><\/div><div class=\"vc_col-sm-5 wpb_column vc_column_container stretched\"><div class=\"vc_column-inner\"><div class=\"wpb_wrapper\"><div class=\"w-image align_none\"><div class=\"w-image-h\"><img loading=\"lazy\" decoding=\"async\" width=\"851\" height=\"567\" src=\"https:\/\/www.plazadelobispo.com\/wp-content\/uploads\/2024\/02\/noche-010redu.jpg\" class=\"attachment-large size-large\" alt=\"\" \/><\/div><\/div><\/div><\/div><\/div><\/div><\/div><\/div><\/div><\/div><\/div><\/section><section class=\"l-section wpb_row height_medium\" id=\"carrousel-container\"><div class=\"l-section-h i-cf\"><div class=\"g-cols vc_row via_flex valign_top type_default stacking_default\"><div class=\"vc_col-sm-12 wpb_column vc_column_container\"><div class=\"vc_column-inner us_custom_8c1176a4\"><div class=\"wpb_wrapper\"><div class=\"wpb_text_column us_custom_4f4df646\" id=\"carrousel\"><div class=\"wpb_wrapper\"><p><a href=\"mailto:reservas@plazadelobispo.com\">reservas@plazadelobispo.com<\/a><a href=\"mailto:reservas@plazadelobispo.com\"> &#8211; <\/a><a href=\"mailto:reservas@plazadelobispo.com\">reservas@plazadelobispo.com<\/a><a href=\"mailto:reservas@plazadelobispo.com\">reservas@plazadelobispo.com<\/a><a href=\"mailto:reservas@plazadelobispo.com\"> &#8211; <\/a><a href=\"mailto:reservas@plazadelobispo.com\">reservas@plazadelobispo.com<\/a><a href=\"mailto:reservas@plazadelobispo.com\"> &#8211; <\/a><a href=\"mailto:reservas@plazadelobispo.com\">reservas@plazadelobispo.com<\/a><a href=\"mailto:reservas@plazadelobispo.com\"> &#8211; <\/a><a href=\"mailto:reservas@plazadelobispo.com\">reservas@plazadelobispo.com<\/a><\/p>\n<\/div><\/div><\/div><\/div><\/div><\/div><\/div><\/section>\n","protected":false},"excerpt":{"rendered":"[vc_custom_heading text=\"La vie a meilleur go\u00fbt lorsqu'elle est partag\u00e9e\" font_container=\"tag:h1|text_align:left\" use_theme_fonts=\"yes\"]Exp\u00e9riences, saveurs et magie de notre ville [vc_custom_heading text=\"D\u00e9couvrez nos 4 MENUS DE GROUPE\" use_theme_fonts=\"yes\"]\u00ab\u00a0Chaque plat devient une exp\u00e9rience partag\u00e9e, enrichissant ces moments sp\u00e9ciaux qui m\u00e9ritent d&rsquo;\u00eatre c\u00e9l\u00e9br\u00e9s. Dans un cadre agr\u00e9able, confortable et \u00e9l\u00e9gant, avec une vue imprenable sur la cath\u00e9drale de Malaga, nous...","protected":false},"author":1,"featured_media":0,"parent":0,"menu_order":0,"comment_status":"closed","ping_status":"closed","template":"","meta":{"footnotes":""},"class_list":["post-679","page","type-page","status-publish","hentry"],"yoast_head":"<!-- This site is optimized with the Yoast SEO plugin v27.4 - https:\/\/yoast.com\/product\/yoast-seo-wordpress\/ -->\n<title>Menu de groupe : \u00c9v\u00e9nements sp\u00e9ciaux : L&#039;Experience<\/title>\n<meta name=\"description\" content=\"Organisez votre \u00e9v\u00e9nement sp\u00e9cial avec notre d\u00e9licieux menu de groupe. Des f\u00eates de famille aux r\u00e9unions d&#039;affaires, nous rendons chaque occasion m\u00e9morable !\" \/>\n<meta name=\"robots\" content=\"index, follow, max-snippet:-1, max-image-preview:large, max-video-preview:-1\" \/>\n<link rel=\"canonical\" href=\"https:\/\/www.plazadelobispo.com\/fr\/menu-du-groupe\/\" \/>\n<meta property=\"og:locale\" content=\"fr_FR\" \/>\n<meta property=\"og:type\" content=\"article\" \/>\n<meta property=\"og:title\" content=\"Menu de groupe : \u00c9v\u00e9nements sp\u00e9ciaux : L&#039;Experience\" \/>\n<meta property=\"og:description\" content=\"Organisez votre \u00e9v\u00e9nement sp\u00e9cial avec notre d\u00e9licieux menu de groupe. Des f\u00eates de famille aux r\u00e9unions d&#039;affaires, nous rendons chaque occasion m\u00e9morable !\" \/>\n<meta property=\"og:url\" content=\"https:\/\/www.plazadelobispo.com\/fr\/menu-du-groupe\/\" \/>\n<meta property=\"og:site_name\" content=\"L&#039; Experience\" \/>\n<meta property=\"article:modified_time\" content=\"2024-10-09T22:03:17+00:00\" \/>\n<meta name=\"twitter:card\" content=\"summary_large_image\" \/>\n<meta name=\"twitter:label1\" content=\"Dur\u00e9e de lecture estim\u00e9e\" \/>\n\t<meta name=\"twitter:data1\" content=\"1 minute\" \/>\n<script type=\"application\/ld+json\" class=\"yoast-schema-graph\">{\"@context\":\"https:\\\/\\\/schema.org\",\"@graph\":[{\"@type\":\"WebPage\",\"@id\":\"https:\\\/\\\/www.plazadelobispo.com\\\/fr\\\/menu-du-groupe\\\/\",\"url\":\"https:\\\/\\\/www.plazadelobispo.com\\\/fr\\\/menu-du-groupe\\\/\",\"name\":\"Menu de groupe : \u00c9v\u00e9nements sp\u00e9ciaux : L'Experience\",\"isPartOf\":{\"@id\":\"https:\\\/\\\/www.plazadelobispo.com\\\/fr\\\/#website\"},\"datePublished\":\"2024-02-15T13:22:32+00:00\",\"dateModified\":\"2024-10-09T22:03:17+00:00\",\"description\":\"Organisez votre \u00e9v\u00e9nement sp\u00e9cial avec notre d\u00e9licieux menu de groupe. Des f\u00eates de famille aux r\u00e9unions d'affaires, nous rendons chaque occasion m\u00e9morable !\",\"breadcrumb\":{\"@id\":\"https:\\\/\\\/www.plazadelobispo.com\\\/fr\\\/menu-du-groupe\\\/#breadcrumb\"},\"inLanguage\":\"fr-FR\",\"potentialAction\":[{\"@type\":\"ReadAction\",\"target\":[\"https:\\\/\\\/www.plazadelobispo.com\\\/fr\\\/menu-du-groupe\\\/\"]}]},{\"@type\":\"BreadcrumbList\",\"@id\":\"https:\\\/\\\/www.plazadelobispo.com\\\/fr\\\/menu-du-groupe\\\/#breadcrumb\",\"itemListElement\":[{\"@type\":\"ListItem\",\"position\":1,\"name\":\"Portada\",\"item\":\"https:\\\/\\\/www.plazadelobispo.com\\\/fr\\\/\"},{\"@type\":\"ListItem\",\"position\":2,\"name\":\"Menu du groupe\"}]},{\"@type\":\"WebSite\",\"@id\":\"https:\\\/\\\/www.plazadelobispo.com\\\/fr\\\/#website\",\"url\":\"https:\\\/\\\/www.plazadelobispo.com\\\/fr\\\/\",\"name\":\"L' Experience\",\"description\":\"\",\"publisher\":{\"@id\":\"https:\\\/\\\/www.plazadelobispo.com\\\/fr\\\/#organization\"},\"potentialAction\":[{\"@type\":\"SearchAction\",\"target\":{\"@type\":\"EntryPoint\",\"urlTemplate\":\"https:\\\/\\\/www.plazadelobispo.com\\\/fr\\\/?s={search_term_string}\"},\"query-input\":{\"@type\":\"PropertyValueSpecification\",\"valueRequired\":true,\"valueName\":\"search_term_string\"}}],\"inLanguage\":\"fr-FR\"},{\"@type\":\"Organization\",\"@id\":\"https:\\\/\\\/www.plazadelobispo.com\\\/fr\\\/#organization\",\"name\":\"L' Experience\",\"url\":\"https:\\\/\\\/www.plazadelobispo.com\\\/fr\\\/\",\"logo\":{\"@type\":\"ImageObject\",\"inLanguage\":\"fr-FR\",\"@id\":\"https:\\\/\\\/www.plazadelobispo.com\\\/fr\\\/#\\\/schema\\\/logo\\\/image\\\/\",\"url\":\"https:\\\/\\\/www.plazadelobispo.com\\\/wp-content\\\/uploads\\\/2023\\\/07\\\/logo-color-1.png\",\"contentUrl\":\"https:\\\/\\\/www.plazadelobispo.com\\\/wp-content\\\/uploads\\\/2023\\\/07\\\/logo-color-1.png\",\"width\":400,\"height\":72,\"caption\":\"L' Experience\"},\"image\":{\"@id\":\"https:\\\/\\\/www.plazadelobispo.com\\\/fr\\\/#\\\/schema\\\/logo\\\/image\\\/\"}}]}<\/script>\n<!-- \/ Yoast SEO plugin. -->","yoast_head_json":{"title":"Menu de groupe : \u00c9v\u00e9nements sp\u00e9ciaux : L'Experience","description":"Organisez votre \u00e9v\u00e9nement sp\u00e9cial avec notre d\u00e9licieux menu de groupe. Des f\u00eates de famille aux r\u00e9unions d'affaires, nous rendons chaque occasion m\u00e9morable !","robots":{"index":"index","follow":"follow","max-snippet":"max-snippet:-1","max-image-preview":"max-image-preview:large","max-video-preview":"max-video-preview:-1"},"canonical":"https:\/\/www.plazadelobispo.com\/fr\/menu-du-groupe\/","og_locale":"fr_FR","og_type":"article","og_title":"Menu de groupe : \u00c9v\u00e9nements sp\u00e9ciaux : L'Experience","og_description":"Organisez votre \u00e9v\u00e9nement sp\u00e9cial avec notre d\u00e9licieux menu de groupe. Des f\u00eates de famille aux r\u00e9unions d'affaires, nous rendons chaque occasion m\u00e9morable !","og_url":"https:\/\/www.plazadelobispo.com\/fr\/menu-du-groupe\/","og_site_name":"L&#039; Experience","article_modified_time":"2024-10-09T22:03:17+00:00","twitter_card":"summary_large_image","twitter_misc":{"Dur\u00e9e de lecture estim\u00e9e":"1 minute"},"schema":{"@context":"https:\/\/schema.org","@graph":[{"@type":"WebPage","@id":"https:\/\/www.plazadelobispo.com\/fr\/menu-du-groupe\/","url":"https:\/\/www.plazadelobispo.com\/fr\/menu-du-groupe\/","name":"Menu de groupe : \u00c9v\u00e9nements sp\u00e9ciaux : L'Experience","isPartOf":{"@id":"https:\/\/www.plazadelobispo.com\/fr\/#website"},"datePublished":"2024-02-15T13:22:32+00:00","dateModified":"2024-10-09T22:03:17+00:00","description":"Organisez votre \u00e9v\u00e9nement sp\u00e9cial avec notre d\u00e9licieux menu de groupe. Des f\u00eates de famille aux r\u00e9unions d'affaires, nous rendons chaque occasion m\u00e9morable !","breadcrumb":{"@id":"https:\/\/www.plazadelobispo.com\/fr\/menu-du-groupe\/#breadcrumb"},"inLanguage":"fr-FR","potentialAction":[{"@type":"ReadAction","target":["https:\/\/www.plazadelobispo.com\/fr\/menu-du-groupe\/"]}]},{"@type":"BreadcrumbList","@id":"https:\/\/www.plazadelobispo.com\/fr\/menu-du-groupe\/#breadcrumb","itemListElement":[{"@type":"ListItem","position":1,"name":"Portada","item":"https:\/\/www.plazadelobispo.com\/fr\/"},{"@type":"ListItem","position":2,"name":"Menu du groupe"}]},{"@type":"WebSite","@id":"https:\/\/www.plazadelobispo.com\/fr\/#website","url":"https:\/\/www.plazadelobispo.com\/fr\/","name":"L' Experience","description":"","publisher":{"@id":"https:\/\/www.plazadelobispo.com\/fr\/#organization"},"potentialAction":[{"@type":"SearchAction","target":{"@type":"EntryPoint","urlTemplate":"https:\/\/www.plazadelobispo.com\/fr\/?s={search_term_string}"},"query-input":{"@type":"PropertyValueSpecification","valueRequired":true,"valueName":"search_term_string"}}],"inLanguage":"fr-FR"},{"@type":"Organization","@id":"https:\/\/www.plazadelobispo.com\/fr\/#organization","name":"L' Experience","url":"https:\/\/www.plazadelobispo.com\/fr\/","logo":{"@type":"ImageObject","inLanguage":"fr-FR","@id":"https:\/\/www.plazadelobispo.com\/fr\/#\/schema\/logo\/image\/","url":"https:\/\/www.plazadelobispo.com\/wp-content\/uploads\/2023\/07\/logo-color-1.png","contentUrl":"https:\/\/www.plazadelobispo.com\/wp-content\/uploads\/2023\/07\/logo-color-1.png","width":400,"height":72,"caption":"L' Experience"},"image":{"@id":"https:\/\/www.plazadelobispo.com\/fr\/#\/schema\/logo\/image\/"}}]}},"_links":{"self":[{"href":"https:\/\/www.plazadelobispo.com\/fr\/wp-json\/wp\/v2\/pages\/679","targetHints":{"allow":["GET"]}}],"collection":[{"href":"https:\/\/www.plazadelobispo.com\/fr\/wp-json\/wp\/v2\/pages"}],"about":[{"href":"https:\/\/www.plazadelobispo.com\/fr\/wp-json\/wp\/v2\/types\/page"}],"author":[{"embeddable":true,"href":"https:\/\/www.plazadelobispo.com\/fr\/wp-json\/wp\/v2\/users\/1"}],"replies":[{"embeddable":true,"href":"https:\/\/www.plazadelobispo.com\/fr\/wp-json\/wp\/v2\/comments?post=679"}],"version-history":[{"count":5,"href":"https:\/\/www.plazadelobispo.com\/fr\/wp-json\/wp\/v2\/pages\/679\/revisions"}],"predecessor-version":[{"id":1405,"href":"https:\/\/www.plazadelobispo.com\/fr\/wp-json\/wp\/v2\/pages\/679\/revisions\/1405"}],"wp:attachment":[{"href":"https:\/\/www.plazadelobispo.com\/fr\/wp-json\/wp\/v2\/media?parent=679"}],"curies":[{"name":"wp","href":"https:\/\/api.w.org\/{rel}","templated":true}]}}